{"id":7069,"date":"2024-04-30T14:13:16","date_gmt":"2024-04-30T14:13:16","guid":{"rendered":"https:\/\/invimed.pl\/?page_id=7069"},"modified":"2026-03-12T14:49:46","modified_gmt":"2026-03-12T14:49:46","slug":"procedure-for-the-exercise-of-rights","status":"publish","type":"page","link":"https:\/\/invimed.pl\/en\/procedura-realizacji-praw","title":{"rendered":"Procedure for the exercise of rights"},"content":{"rendered":"<h2 class=\"wp-block-heading\" id=\"realizacja-praw-dotyczaca-twoich-danych-osobowych-przetwarzanych-przez-medi-partner-sp-z-o-o\">Exercise of rights concerning your personal data processed by Medi Partner Ltd.<\/h2>\n\n\n\n<p>As we hold your data, you have rights in relation to its processing under the General Data Protection Regulation (GDPR). Below you will find all the necessary information on how to claim and exercise your rights.<\/p>\n\n\n\n<section class=\"check-list\">\n\t    <header class=\"check-list__header\">\n        <div class=\"acf-innerblocks-container\">\n\n<h3 class=\"wp-block-heading\" id=\"1-jak-moge-zglosic-zadanie-realizacji-moich-praw-odnosnie-do-przetwarzania-danych-osobowych\">1. How can I make a request to exercise my rights in relation to the processing of personal data?<\/h3>\n\n\n\n<p>You can do this in several ways:<\/p>\n\n<\/div>\n    <\/header>\n    <ul class=\"mb-0 p-0 check-list__inner\">\n            <li class=\"d-flex check-list__item\">\n            <div class=\"svg-container\">\n                <svg width=\"16\" height=\"16\">\n                    <use xlink:href=\"#icon-check-2\" \/>\n                <\/svg>\n            <\/div>\n            <div class=\"check-list__item__rte\">\n                <div class=\"check-list__item__rte\">\n<p>send a letter by traditional mail to the following address: Medi Partner Sp. z o.o., Al. Jerozolimskie 96, 00-809 Warsaw<\/p>\n<\/div>\n            <\/div>\n        <\/li>\n            <li class=\"d-flex check-list__item\">\n            <div class=\"svg-container\">\n                <svg width=\"16\" height=\"16\">\n                    <use xlink:href=\"#icon-check-2\" \/>\n                <\/svg>\n            <\/div>\n            <div class=\"check-list__item__rte\">\n                <p>send an e-mail to: <strong>invimed@invimed.pl<\/strong><\/p>\n            <\/div>\n        <\/li>\n            <li class=\"d-flex check-list__item\">\n            <div class=\"svg-container\">\n                <svg width=\"16\" height=\"16\">\n                    <use xlink:href=\"#icon-check-2\" \/>\n                <\/svg>\n            <\/div>\n            <div class=\"check-list__item__rte\">\n                <p>via the contact form in the Contact section<\/p>\n            <\/div>\n        <\/li>\n            <li class=\"d-flex check-list__item\">\n            <div class=\"svg-container\">\n                <svg width=\"16\" height=\"16\">\n                    <use xlink:href=\"#icon-check-2\" \/>\n                <\/svg>\n            <\/div>\n            <div class=\"check-list__item__rte\">\n                <p>by telephone by calling the Hotline: <strong>500 900 888<\/strong><\/p>\n            <\/div>\n        <\/li>\n            <li class=\"d-flex check-list__item\">\n            <div class=\"svg-container\">\n                <svg width=\"16\" height=\"16\">\n                    <use xlink:href=\"#icon-check-2\" \/>\n                <\/svg>\n            <\/div>\n            <div class=\"check-list__item__rte\">\n                <p>in person at each branch<\/p>\n            <\/div>\n        <\/li>\n            <li class=\"d-flex check-list__item\">\n            <div class=\"svg-container\">\n                <svg width=\"16\" height=\"16\">\n                    <use xlink:href=\"#icon-check-2\" \/>\n                <\/svg>\n            <\/div>\n            <div class=\"check-list__item__rte\">\n                <p>by sending a message directly to our company's Data Protection Officer at: <strong>iod@medipartner.pl<\/strong><\/p>\n            <\/div>\n        <\/li>\n        <\/ul>\n<\/section>\n\n\n\n<section class=\"check-list\">\n\t    <header class=\"check-list__header\">\n        <div class=\"acf-innerblocks-container\">\n\n<h3 class=\"wp-block-heading\" id=\"2-o-co-moge-wnioskowac\">2. what can I ask for?<\/h3>\n\n\n\n<p>You have the following rights in relation to the processing of your personal data:<\/p>\n\n<\/div>\n    <\/header>\n    <ul class=\"mb-0 p-0 check-list__inner\">\n            <li class=\"d-flex check-list__item\">\n            <div class=\"svg-container\">\n                <svg width=\"16\" height=\"16\">\n                    <use xlink:href=\"#icon-check-2\" \/>\n                <\/svg>\n            <\/div>\n            <div class=\"check-list__item__rte\">\n                <div class=\"check-list__item__rte\">\n<p>The right to object to the processing of data for marketing purposes,<\/p>\n<\/div>\n            <\/div>\n        <\/li>\n            <li class=\"d-flex check-list__item\">\n            <div class=\"svg-container\">\n                <svg width=\"16\" height=\"16\">\n                    <use xlink:href=\"#icon-check-2\" \/>\n                <\/svg>\n            <\/div>\n            <div class=\"check-list__item__rte\">\n                <p>The right to object to the processing of your data on the grounds of your particular situation; in cases where we process your data on the basis of our legitimate interest,<\/p>\n            <\/div>\n        <\/li>\n            <li class=\"d-flex check-list__item\">\n            <div class=\"svg-container\">\n                <svg width=\"16\" height=\"16\">\n                    <use xlink:href=\"#icon-check-2\" \/>\n                <\/svg>\n            <\/div>\n            <div class=\"check-list__item__rte\">\n                <p>the right to withdraw consent,<\/p>\n            <\/div>\n        <\/li>\n            <li class=\"d-flex check-list__item\">\n            <div class=\"svg-container\">\n                <svg width=\"16\" height=\"16\">\n                    <use xlink:href=\"#icon-check-2\" \/>\n                <\/svg>\n            <\/div>\n            <div class=\"check-list__item__rte\">\n                <p>The right of access to your personal data,<\/p>\n            <\/div>\n        <\/li>\n            <li class=\"d-flex check-list__item\">\n            <div class=\"svg-container\">\n                <svg width=\"16\" height=\"16\">\n                    <use xlink:href=\"#icon-check-2\" \/>\n                <\/svg>\n            <\/div>\n            <div class=\"check-list__item__rte\">\n                <p>The right to request the rectification of your personal data,<\/p>\n            <\/div>\n        <\/li>\n            <li class=\"d-flex check-list__item\">\n            <div class=\"svg-container\">\n                <svg width=\"16\" height=\"16\">\n                    <use xlink:href=\"#icon-check-2\" \/>\n                <\/svg>\n            <\/div>\n            <div class=\"check-list__item__rte\">\n                <p>The right to request the deletion of your personal data (only if we are not obliged by law to process it),<\/p>\n            <\/div>\n        <\/li>\n            <li class=\"d-flex check-list__item\">\n            <div class=\"svg-container\">\n                <svg width=\"16\" height=\"16\">\n                    <use xlink:href=\"#icon-check-2\" \/>\n                <\/svg>\n            <\/div>\n            <div class=\"check-list__item__rte\">\n                <p>The right to request the restriction of the processing of your personal data,<\/p>\n            <\/div>\n        <\/li>\n            <li class=\"d-flex check-list__item\">\n            <div class=\"svg-container\">\n                <svg width=\"16\" height=\"16\">\n                    <use xlink:href=\"#icon-check-2\" \/>\n                <\/svg>\n            <\/div>\n            <div class=\"check-list__item__rte\">\n                <p>The right to portability of your personal data, i.e. the right to receive your personal data from us, in a structured, commonly used, machine-readable IT format; you may send this data to another controller or request that we send your data to another controller, however, we will only do so if such a transfer is technically possible.<\/p>\n            <\/div>\n        <\/li>\n        <\/ul>\n<\/section>\n\n\n\n<section class=\"check-list\">\n\t    <header class=\"check-list__header\">\n        <div class=\"acf-innerblocks-container\">\n\n<h3 class=\"wp-block-heading\" id=\"3-jakie-informacje-powinienem-zamiescic-w-zgloszeniu\">3 What information should I include in my application?<\/h3>\n\n\n\n<p>In order to be able to accept your application and be able to analyse it and prepare a response to it, we need to know:<\/p>\n\n<\/div>\n    <\/header>\n    <ul class=\"mb-0 p-0 check-list__inner\">\n            <li class=\"d-flex check-list__item\">\n            <div class=\"svg-container\">\n                <svg width=\"16\" height=\"16\">\n                    <use xlink:href=\"#icon-check-2\" \/>\n                <\/svg>\n            <\/div>\n            <div class=\"check-list__item__rte\">\n                <div class=\"check-list__item__rte\">\n<p>who you are,<\/p>\n<\/div>\n            <\/div>\n        <\/li>\n            <li class=\"d-flex check-list__item\">\n            <div class=\"svg-container\">\n                <svg width=\"16\" height=\"16\">\n                    <use xlink:href=\"#icon-check-2\" \/>\n                <\/svg>\n            <\/div>\n            <div class=\"check-list__item__rte\">\n                <p>which right and to what extent you wish to exercise it,<\/p>\n            <\/div>\n        <\/li>\n            <li class=\"d-flex check-list__item\">\n            <div class=\"svg-container\">\n                <svg width=\"16\" height=\"16\">\n                    <use xlink:href=\"#icon-check-2\" \/>\n                <\/svg>\n            <\/div>\n            <div class=\"check-list__item__rte\">\n                <p>what is the preferred feedback channel.<\/p>\n            <\/div>\n        <\/li>\n        <\/ul>\n<\/section>\n\n\n\n<section class=\"check-list\">\n\t    <header class=\"check-list__header\">\n        <div class=\"acf-innerblocks-container\">\n\n<h3 class=\"wp-block-heading\" id=\"4-jak-dlugo-bede-czekac-na-odpowiedz-i-realizacje-zadania\">4 How long will I have to wait for the request to be answered and fulfilled?<\/h3>\n\n\n\n<p>In order to carefully review your case and, where appropriate, to be able to fulfil your request, we have adopted the following lead times for the following requests:<\/p>\n\n<\/div>\n    <\/header>\n    <ul class=\"mb-0 p-0 check-list__inner\">\n            <li class=\"d-flex check-list__item\">\n            <div class=\"svg-container\">\n                <svg width=\"16\" height=\"16\">\n                    <use xlink:href=\"#icon-check-2\" \/>\n                <\/svg>\n            <\/div>\n            <div class=\"check-list__item__rte\">\n                <div class=\"check-list__item__rte\">\n<p>21 days - the right to object to processing for marketing purposes,<\/p>\n<\/div>\n            <\/div>\n        <\/li>\n            <li class=\"d-flex check-list__item\">\n            <div class=\"svg-container\">\n                <svg width=\"16\" height=\"16\">\n                    <use xlink:href=\"#icon-check-2\" \/>\n                <\/svg>\n            <\/div>\n            <div class=\"check-list__item__rte\">\n                <p>21 days - right to object to the processing on grounds of particular situation<\/p>\n            <\/div>\n        <\/li>\n            <li class=\"d-flex check-list__item\">\n            <div class=\"svg-container\">\n                <svg width=\"16\" height=\"16\">\n                    <use xlink:href=\"#icon-check-2\" \/>\n                <\/svg>\n            <\/div>\n            <div class=\"check-list__item__rte\">\n                <p>30 days - right of access<\/p>\n            <\/div>\n        <\/li>\n            <li class=\"d-flex check-list__item\">\n            <div class=\"svg-container\">\n                <svg width=\"16\" height=\"16\">\n                    <use xlink:href=\"#icon-check-2\" \/>\n                <\/svg>\n            <\/div>\n            <div class=\"check-list__item__rte\">\n                <p>7 days - right to request rectification of data<\/p>\n            <\/div>\n        <\/li>\n            <li class=\"d-flex check-list__item\">\n            <div class=\"svg-container\">\n                <svg width=\"16\" height=\"16\">\n                    <use xlink:href=\"#icon-check-2\" \/>\n                <\/svg>\n            <\/div>\n            <div class=\"check-list__item__rte\">\n                <p>21 days - right to request restriction of data processing<\/p>\n            <\/div>\n        <\/li>\n            <li class=\"d-flex check-list__item\">\n            <div class=\"svg-container\">\n                <svg width=\"16\" height=\"16\">\n                    <use xlink:href=\"#icon-check-2\" \/>\n                <\/svg>\n            <\/div>\n            <div class=\"check-list__item__rte\">\n                <p>7 days - right to request erasure of data ('right to be forgotten')<\/p>\n            <\/div>\n        <\/li>\n            <li class=\"d-flex check-list__item\">\n            <div class=\"svg-container\">\n                <svg width=\"16\" height=\"16\">\n                    <use xlink:href=\"#icon-check-2\" \/>\n                <\/svg>\n            <\/div>\n            <div class=\"check-list__item__rte\">\n                <p>21 days - right to data portability<\/p>\n            <\/div>\n        <\/li>\n        <\/ul>\n<\/section>\n\n\n\n<h3 class=\"wp-block-heading\" id=\"5-czy-poniose-jakiekolwiek-koszty-realizacji-moich-praw\">5. Will I incur any costs in exercising my rights?<\/h3>\n\n\n\n<p>The exercise of data subjects' rights is free of charge. However, in the case of the right of access, we reserve the right, in accordance with the law, to charge a fee for subsequent copies of the data resulting from the exercise of the right under Article 15 RODO.<\/p>\n\n\n\n<h3 class=\"wp-block-heading\" id=\"6-czy-kazde-moje-zgloszone-zadanie-zostanie-zrealizowane\">Will every request I make be met?<\/h3>\n\n\n\n<p>Any request made will be forwarded to our Data Protection Officer for analysis. This will result in a response regarding its implementation, which you will receive from us.<\/p>\n\n\n\n<p>At the same time, we would like to inform you that the result of the analysis may be the refusal of the request made in the event that it proves to be unfounded, in accordance with the applicable legal provisions.<\/p>\n\n\n\n<figure class=\"wp-block-table\"><table class=\"has-border-color has-brand-primary-border-color\" style=\"border-style:dashed;border-width:3px\"><tbody><tr><td><mark style=\"background-color:rgba(0, 0, 0, 0)\" class=\"has-inline-color has-color-12-color\">EXAMPLE <\/mark><br><br>An example of an unreasonable request may be the inability to exercise the right to erasure of data ( ''to be forgotten'') in the case of medical records produced at Medi Partner Sp. z o.o., when, as a healthcare provider, we are obliged by law to process the data contained in the medical records, as a rule, for a period of 20 years (Patient Rights and Patient Ombudsman Act).<\/td><\/tr><\/tbody><\/table><\/figure>\n\n\n\n<h3 class=\"wp-block-heading\" id=\"7-w-jaki-sposob-moge-odwolac-wyrazone-zgody-marketingowe\">7. How can I revoke my consent to marketing?<\/h3>\n\n\n\n<p>You can revoke your marketing consents by contacting our helpline on: <strong>500 900 888<\/strong> or by sending an email to: <strong>invimed@invimed.pl<\/strong><\/p>\n\n\n\n<p><\/p>","protected":false},"excerpt":{"rendered":"<p>Realizacja praw dotycz\u0105ca twoich danych osobowych przetwarzanych przez Medi Partner Sp. z o.o W zwi\u0105zku z tym, \u017ce posiadamy Twoje dane, przys\u0142uguj\u0105 Ci prawa zwi\u0105zane z ich przetwarzaniem, wynikaj\u0105ce z przepis\u00f3w Og\u00f3lnego Rozporz\u0105dzenia o ochronie danych (RODO). Poni\u017cej znajdziesz wszelkie niezb\u0119dne informacje dotycz\u0105ce trybu zg\u0142aszania i realizacji \u017c\u0105da\u0144 Twoich praw. 5. Czy ponios\u0119 jakiekolwiek koszty [&hellip;]<\/p>\n","protected":false},"author":18,"featured_media":0,"parent":0,"menu_order":0,"comment_status":"closed","ping_status":"closed","template":"","meta":{"_acf_changed":false,"footnotes":""},"class_list":["post-7069","page","type-page","status-publish","hentry"],"acf":[],"yoast_head":"<!-- This site is optimized with the Yoast SEO plugin v27.2 - https:\/\/yoast.com\/product\/yoast-seo-wordpress\/ -->\n<title>Procedura Realizacji Praw - Invimed<\/title>\n<meta name=\"description\" content=\"W zwi\u0105zku z tym, \u017ce posiadamy Twoje dane, przys\u0142uguj\u0105 Ci prawa zwi\u0105zane z ich przetwarzaniem, wynikaj\u0105ce z przepis\u00f3w Og\u00f3lnego Rozporz\u0105dzenia o ochronie danych (RODO). Poni\u017cej znajdziesz wszelkie niezb\u0119dne informacje dotycz\u0105ce trybu zg\u0142aszania i realizacji \u017c\u0105da\u0144 Twoich praw.\" \/>\n<meta name=\"robots\" content=\"index, follow, max-snippet:-1, max-image-preview:large, max-video-preview:-1\" \/>\n<meta property=\"og:locale\" content=\"en_GB\" \/>\n<meta property=\"og:type\" content=\"article\" \/>\n<meta property=\"og:title\" content=\"Procedura Realizacji Praw - Invimed\" \/>\n<meta property=\"og:description\" content=\"W zwi\u0105zku z tym, \u017ce posiadamy Twoje dane, przys\u0142uguj\u0105 Ci prawa zwi\u0105zane z ich przetwarzaniem, wynikaj\u0105ce z przepis\u00f3w Og\u00f3lnego Rozporz\u0105dzenia o ochronie danych (RODO). Poni\u017cej znajdziesz wszelkie niezb\u0119dne informacje dotycz\u0105ce trybu zg\u0142aszania i realizacji \u017c\u0105da\u0144 Twoich praw.\" \/>\n<meta property=\"og:url\" content=\"https:\/\/invimed.pl\/en\/procedure-for-the-exercise-of-rights\/\" \/>\n<meta property=\"og:site_name\" content=\"Invimed\" \/>\n<meta property=\"article:modified_time\" content=\"2026-03-12T14:49:46+00:00\" \/>\n<meta name=\"twitter:card\" content=\"summary_large_image\" \/>\n<meta name=\"twitter:label1\" content=\"Estimated reading time\" \/>\n\t<meta name=\"twitter:data1\" content=\"2 minutes\" \/>\n<!-- \/ Yoast SEO plugin. -->","yoast_head_json":{"title":"Procedure for the Exercise of Rights - Invimed","description":"As we hold your data, you have rights in relation to its processing under the General Data Protection Regulation (GDPR). Below you will find all the necessary information on how to claim and exercise your rights.","robots":{"index":"index","follow":"follow","max-snippet":"max-snippet:-1","max-image-preview":"max-image-preview:large","max-video-preview":"max-video-preview:-1"},"og_locale":"en_GB","og_type":"article","og_title":"Procedura Realizacji Praw - Invimed","og_description":"W zwi\u0105zku z tym, \u017ce posiadamy Twoje dane, przys\u0142uguj\u0105 Ci prawa zwi\u0105zane z ich przetwarzaniem, wynikaj\u0105ce z przepis\u00f3w Og\u00f3lnego Rozporz\u0105dzenia o ochronie danych (RODO). Poni\u017cej znajdziesz wszelkie niezb\u0119dne informacje dotycz\u0105ce trybu zg\u0142aszania i realizacji \u017c\u0105da\u0144 Twoich praw.","og_url":"https:\/\/invimed.pl\/en\/procedure-for-the-exercise-of-rights\/","og_site_name":"Invimed","article_modified_time":"2026-03-12T14:49:46+00:00","twitter_card":"summary_large_image","twitter_misc":{"Estimated reading time":"2 minutes"},"schema":{"@context":"https:\/\/schema.org","@graph":[{"@type":"WebPage","@id":"https:\/\/invimed.pl\/procedura-realizacji-praw","url":"https:\/\/invimed.pl\/procedura-realizacji-praw","name":"Procedure for the Exercise of Rights - Invimed","isPartOf":{"@id":"https:\/\/invimed.pl\/#website"},"datePublished":"2024-04-30T14:13:16+00:00","dateModified":"2026-03-12T14:49:46+00:00","description":"As we hold your data, you have rights in relation to its processing under the General Data Protection Regulation (GDPR). Below you will find all the necessary information on how to claim and exercise your rights.","breadcrumb":{"@id":"https:\/\/invimed.pl\/procedura-realizacji-praw#breadcrumb"},"inLanguage":"en-GB","potentialAction":[{"@type":"ReadAction","target":["https:\/\/invimed.pl\/procedura-realizacji-praw"]}]},{"@type":"BreadcrumbList","@id":"https:\/\/invimed.pl\/procedura-realizacji-praw#breadcrumb","itemListElement":[{"@type":"ListItem","position":1,"name":"Strona g\u0142\u00f3wna","item":"https:\/\/invimed.pl\/"},{"@type":"ListItem","position":2,"name":"Procedura Realizacji Praw"}]},{"@type":"WebSite","@id":"https:\/\/invimed.pl\/#website","url":"https:\/\/invimed.pl\/","name":"Invimed","description":"Our mission is to create a happy family together","potentialAction":[{"@type":"SearchAction","target":{"@type":"EntryPoint","urlTemplate":"https:\/\/invimed.pl\/?s={search_term_string}"},"query-input":{"@type":"PropertyValueSpecification","valueRequired":true,"valueName":"search_term_string"}}],"inLanguage":"en-GB"}]}},"_links":{"self":[{"href":"https:\/\/invimed.pl\/en\/wp-json\/wp\/v2\/pages\/7069","targetHints":{"allow":["GET"]}}],"collection":[{"href":"https:\/\/invimed.pl\/en\/wp-json\/wp\/v2\/pages"}],"about":[{"href":"https:\/\/invimed.pl\/en\/wp-json\/wp\/v2\/types\/page"}],"author":[{"embeddable":true,"href":"https:\/\/invimed.pl\/en\/wp-json\/wp\/v2\/users\/18"}],"replies":[{"embeddable":true,"href":"https:\/\/invimed.pl\/en\/wp-json\/wp\/v2\/comments?post=7069"}],"version-history":[{"count":2,"href":"https:\/\/invimed.pl\/en\/wp-json\/wp\/v2\/pages\/7069\/revisions"}],"predecessor-version":[{"id":272186,"href":"https:\/\/invimed.pl\/en\/wp-json\/wp\/v2\/pages\/7069\/revisions\/272186"}],"wp:attachment":[{"href":"https:\/\/invimed.pl\/en\/wp-json\/wp\/v2\/media?parent=7069"}],"curies":[{"name":"wp","href":"https:\/\/api.w.org\/{rel}","templated":true}]}}