{"id":7071,"date":"2024-04-30T14:20:36","date_gmt":"2024-04-30T14:20:36","guid":{"rendered":"https:\/\/invimed.pl\/?page_id=7071"},"modified":"2024-07-10T12:08:55","modified_gmt":"2024-07-10T10:08:55","slug":"icsi-intracytoplasmic-sperm-injection-intra-cytoplasmic-sperm-injection","status":"publish","type":"page","link":"https:\/\/invimed.pl\/en\/icsi-intracytoplasmic-sperm-injection-docytoplazmatyczna-iniekcja-plemnika","title":{"rendered":"ICSI (Intracytoplasmic Sperm Injection) - intracytoplasmic sperm injection"},"content":{"rendered":"<h2 class=\"wp-block-heading\" id=\"\"><\/h2>\n\n\n\n<p><strong>In vitro fertilisation by ICSI is a technique that involves the insertion of a pre-selected sperm directly into the patient's egg cell.<\/strong><\/p>\n\n\n\n<h2 class=\"wp-block-heading\" id=\"na-czym-polega-icsi\"><strong>What is ICSI?<\/strong><\/h2>\n\n\n\n<p><strong>ICSI, or intra-cytoplasmic injection (injection)<\/strong>&nbsp;sperm is recommended most often to couples qualified for the in vitro fertilisation procedure who have been diagnosed with male factor infertility.<\/p>\n\n\n\n<p>Also effectively used in cases of female factor e.g. endometriosis, premature extinction of ovarian function and immune-mediated infertility, where the likelihood of cell fertilisation and success with the use of <a href=\"https:\/\/invimed.pl\/en\/in-vitro\/funding\/\" target=\"_blank\" rel=\"noreferrer noopener\">the classic method of IVF fertilisation<\/a> is reduced. The method is used in cases of infertility of unknown origin (idiopathic). In this case, a mixed procedure is usually used, which involves attempting to fertilise some of the ova using the classical method and the rest using ICSI.<\/p>\n\n\n\n<section class=\"check-list\">\n\t    <header class=\"check-list__header\">\n        <div class=\"acf-innerblocks-container\">\n\n<h2 class=\"wp-block-heading\" id=\"wskazania-do-in-vitro-z-wykorzystaniem-icsi\">Indications for IVF using ICSI:<\/h2>\n\n<\/div>\n    <\/header>\n    <ul class=\"mb-0 p-0 check-list__inner\">\n            <li class=\"d-flex check-list__item\">\n            <div class=\"svg-container\">\n                <svg width=\"16\" height=\"16\">\n                    <use xlink:href=\"#icon-check-2\" \/>\n                <\/svg>\n            <\/div>\n            <div class=\"check-list__item__rte\">\n                <div class=\"check-list__item__rte\">\n<p>male factor of infertility - a low percentage of motile sperm or a low concentration of sperm can contribute to difficulties in reaching and fertilising an egg under natural conditions,<\/p>\n<\/div>\n            <\/div>\n        <\/li>\n            <li class=\"d-flex check-list__item\">\n            <div class=\"svg-container\">\n                <svg width=\"16\" height=\"16\">\n                    <use xlink:href=\"#icon-check-2\" \/>\n                <\/svg>\n            <\/div>\n            <div class=\"check-list__item__rte\">\n                <p>male factor of infertility - sperm collected directly from the testes, following a diagnosis of azoospermia, i.e. absence of sperm in the ejaculate,<\/p>\n            <\/div>\n        <\/li>\n            <li class=\"d-flex check-list__item\">\n            <div class=\"svg-container\">\n                <svg width=\"16\" height=\"16\">\n                    <use xlink:href=\"#icon-check-2\" \/>\n                <\/svg>\n            <\/div>\n            <div class=\"check-list__item__rte\">\n                <p>immune-mediated infertility,<\/p>\n            <\/div>\n        <\/li>\n            <li class=\"d-flex check-list__item\">\n            <div class=\"svg-container\">\n                <svg width=\"16\" height=\"16\">\n                    <use xlink:href=\"#icon-check-2\" \/>\n                <\/svg>\n            <\/div>\n            <div class=\"check-list__item__rte\">\n                <p><a href=\"https:\/\/invimed.pl\/en\/causes-of-infertility\/endometriosis\/\" target=\"_blank\" rel=\"noopener noreferrer\">endometriosis<\/a><\/p>\n            <\/div>\n        <\/li>\n            <li class=\"d-flex check-list__item\">\n            <div class=\"svg-container\">\n                <svg width=\"16\" height=\"16\">\n                    <use xlink:href=\"#icon-check-2\" \/>\n                <\/svg>\n            <\/div>\n            <div class=\"check-list__item__rte\">\n                <p>low ovarian reserve, premature extinction of ovarian function,<\/p>\n            <\/div>\n        <\/li>\n            <li class=\"d-flex check-list__item\">\n            <div class=\"svg-container\">\n                <svg width=\"16\" height=\"16\">\n                    <use xlink:href=\"#icon-check-2\" \/>\n                <\/svg>\n            <\/div>\n            <div class=\"check-list__item__rte\">\n                <p>idiopathic infertility,<\/p>\n            <\/div>\n        <\/li>\n            <li class=\"d-flex check-list__item\">\n            <div class=\"svg-container\">\n                <svg width=\"16\" height=\"16\">\n                    <use xlink:href=\"#icon-check-2\" \/>\n                <\/svg>\n            <\/div>\n            <div class=\"check-list__item__rte\">\n                <p>failure of the preceding IVF cycle using the classical method of fertilisation.<\/p>\n            <\/div>\n        <\/li>\n        <\/ul>\n<\/section>\n\n\n\n<section class=\"cta-3\">\n\t\t<div class=\"container cta-3__container\">\n\t\t<div class=\"position-relative cta-3__wrapper\">\n\t\t                    <div class=\"acf-innerblocks-container\">\n\n<p><mark style=\"background-color:rgba(0, 0, 0, 0)\" class=\"has-inline-color has-color-12-color\"><strong>Effectiveness of ICSI<\/strong><\/mark><\/p>\n\n\n\n<p>The success rate of ICSI in vitro fertilisation is similar to 'classic' IVF and depends, among other things, on the age of the patient and the quality of the oocytes she has.<\/p>\n\n<\/div>\n                \t\t<\/div>\n\t<\/div>\n<\/section>\n\n\n\n<figure class=\"wp-block-embed is-type-video is-provider-youtube wp-block-embed-youtube wp-embed-aspect-16-9 wp-has-aspect-ratio\"><div class=\"wp-block-embed__wrapper\">\n<iframe loading=\"lazy\" title=\"ICSI treatment\" width=\"500\" height=\"281\" src=\"https:\/\/www.youtube.com\/embed\/hLe8LeYFzw0?feature=oembed\" frameborder=\"0\" allow=\"accelerometer; autoplay; clipboard-write; encrypted-media; gyroscope; picture-in-picture; web-share\" referrerpolicy=\"strict-origin-when-cross-origin\" allowfullscreen><\/iframe>\n<\/div><\/figure>","protected":false},"excerpt":{"rendered":"<p>Zap\u0142odnienie in vitro metod\u0105 ICSI to technika, kt\u00f3ra polega na wprowadzeniu wyselekcjonowanego wcze\u015bniej plemnika bezpo\u015brednio do kom\u00f3rki jajowej pacjentki. Na czym polega ICSI? ICSI, czyli docytoplazmatyczna iniekcja (wstrzykni\u0119cie)&nbsp;plemnika jest zalecana najcz\u0119\u015bciej parom, zakwalifikowanym do procedury zap\u0142odnienia pozaustrojowego, u kt\u00f3rych stwierdzono niep\u0142odno\u015b\u0107 z wyst\u0105pieniem czynnika m\u0119skiego. Skutecznie stosowana r\u00f3wnie\u017c w przypadku wyst\u0105pienia czynnika \u017ce\u0144skiego np. w [&hellip;]<\/p>\n","protected":false},"author":18,"featured_media":7072,"parent":0,"menu_order":0,"comment_status":"closed","ping_status":"closed","template":"","meta":{"_acf_changed":false,"footnotes":""},"class_list":["post-7071","page","type-page","status-publish","has-post-thumbnail","hentry"],"acf":[],"yoast_head":"<!-- This site is optimized with the Yoast SEO plugin v27.2 - https:\/\/yoast.com\/product\/yoast-seo-wordpress\/ -->\n<title>ICSI (Intracytoplasmic Sperm Injection) - docytoplazmatyczna iniekcja plemnika - Invimed<\/title>\n<meta name=\"description\" content=\"Metod\u0105 ICSI to technika, kt\u00f3ra polega na wprowadzeniu wyselekcjonowanego wcze\u015bniej plemnika bezpo\u015brednio do kom\u00f3rki jajowej pacjentki.\" \/>\n<meta name=\"robots\" content=\"index, follow, max-snippet:-1, max-image-preview:large, max-video-preview:-1\" \/>\n<meta property=\"og:locale\" content=\"en_GB\" \/>\n<meta property=\"og:type\" content=\"article\" \/>\n<meta property=\"og:title\" content=\"ICSI (Intracytoplasmic Sperm Injection) - docytoplazmatyczna iniekcja plemnika - Invimed\" \/>\n<meta property=\"og:description\" content=\"Metod\u0105 ICSI to technika, kt\u00f3ra polega na wprowadzeniu wyselekcjonowanego wcze\u015bniej plemnika bezpo\u015brednio do kom\u00f3rki jajowej pacjentki.\" \/>\n<meta property=\"og:url\" content=\"https:\/\/invimed.pl\/en\/icsi-intracytoplasmic-sperm-injection-intra-cytoplasmic-sperm-injection\/\" \/>\n<meta property=\"og:site_name\" content=\"Invimed\" \/>\n<meta property=\"article:modified_time\" content=\"2024-07-10T10:08:55+00:00\" \/>\n<meta property=\"og:image\" content=\"https:\/\/invimed.pl\/wp-content\/uploads\/2024\/04\/5-icsi-png-1.png\" \/>\n\t<meta property=\"og:image:width\" content=\"1440\" \/>\n\t<meta property=\"og:image:height\" content=\"300\" \/>\n\t<meta property=\"og:image:type\" content=\"image\/png\" \/>\n<meta name=\"twitter:card\" content=\"summary_large_image\" \/>\n<meta name=\"twitter:label1\" content=\"Estimated reading time\" \/>\n\t<meta name=\"twitter:data1\" content=\"2 minutes\" \/>\n<!-- \/ Yoast SEO plugin. -->","yoast_head_json":{"title":"ICSI (Intracytoplasmic Sperm Injection) - intracytoplasmic sperm injection - Invimed","description":"The ICSI method is a technique that involves inserting a pre-selected sperm directly into the patient's egg cell.","robots":{"index":"index","follow":"follow","max-snippet":"max-snippet:-1","max-image-preview":"max-image-preview:large","max-video-preview":"max-video-preview:-1"},"og_locale":"en_GB","og_type":"article","og_title":"ICSI (Intracytoplasmic Sperm Injection) - docytoplazmatyczna iniekcja plemnika - Invimed","og_description":"Metod\u0105 ICSI to technika, kt\u00f3ra polega na wprowadzeniu wyselekcjonowanego wcze\u015bniej plemnika bezpo\u015brednio do kom\u00f3rki jajowej pacjentki.","og_url":"https:\/\/invimed.pl\/en\/icsi-intracytoplasmic-sperm-injection-intra-cytoplasmic-sperm-injection\/","og_site_name":"Invimed","article_modified_time":"2024-07-10T10:08:55+00:00","og_image":[{"width":1440,"height":300,"url":"https:\/\/invimed.pl\/wp-content\/uploads\/2024\/04\/5-icsi-png-1.png","type":"image\/png"}],"twitter_card":"summary_large_image","twitter_misc":{"Estimated reading time":"2 minutes"},"schema":{"@context":"https:\/\/schema.org","@graph":[{"@type":"WebPage","@id":"https:\/\/invimed.pl\/icsi-intracytoplasmic-sperm-injection-docytoplazmatyczna-iniekcja-plemnika","url":"https:\/\/invimed.pl\/icsi-intracytoplasmic-sperm-injection-docytoplazmatyczna-iniekcja-plemnika","name":"ICSI (Intracytoplasmic Sperm Injection) - intracytoplasmic sperm injection - Invimed","isPartOf":{"@id":"https:\/\/invimed.pl\/#website"},"primaryImageOfPage":{"@id":"https:\/\/invimed.pl\/icsi-intracytoplasmic-sperm-injection-docytoplazmatyczna-iniekcja-plemnika#primaryimage"},"image":{"@id":"https:\/\/invimed.pl\/icsi-intracytoplasmic-sperm-injection-docytoplazmatyczna-iniekcja-plemnika#primaryimage"},"thumbnailUrl":"https:\/\/invimed.pl\/wp-content\/uploads\/2024\/04\/5-icsi-png-1.png","datePublished":"2024-04-30T14:20:36+00:00","dateModified":"2024-07-10T10:08:55+00:00","description":"The ICSI method is a technique that involves inserting a pre-selected sperm directly into the patient's egg cell.","breadcrumb":{"@id":"https:\/\/invimed.pl\/icsi-intracytoplasmic-sperm-injection-docytoplazmatyczna-iniekcja-plemnika#breadcrumb"},"inLanguage":"en-GB","potentialAction":[{"@type":"ReadAction","target":["https:\/\/invimed.pl\/icsi-intracytoplasmic-sperm-injection-docytoplazmatyczna-iniekcja-plemnika"]}]},{"@type":"ImageObject","inLanguage":"en-GB","@id":"https:\/\/invimed.pl\/icsi-intracytoplasmic-sperm-injection-docytoplazmatyczna-iniekcja-plemnika#primaryimage","url":"https:\/\/invimed.pl\/wp-content\/uploads\/2024\/04\/5-icsi-png-1.png","contentUrl":"https:\/\/invimed.pl\/wp-content\/uploads\/2024\/04\/5-icsi-png-1.png","width":1440,"height":300},{"@type":"BreadcrumbList","@id":"https:\/\/invimed.pl\/icsi-intracytoplasmic-sperm-injection-docytoplazmatyczna-iniekcja-plemnika#breadcrumb","itemListElement":[{"@type":"ListItem","position":1,"name":"Strona g\u0142\u00f3wna","item":"https:\/\/invimed.pl\/"},{"@type":"ListItem","position":2,"name":"ICSI (Intracytoplasmic Sperm Injection) &#8211; docytoplazmatyczna iniekcja plemnika"}]},{"@type":"WebSite","@id":"https:\/\/invimed.pl\/#website","url":"https:\/\/invimed.pl\/","name":"Invimed","description":"Our mission is to create a happy family together","potentialAction":[{"@type":"SearchAction","target":{"@type":"EntryPoint","urlTemplate":"https:\/\/invimed.pl\/?s={search_term_string}"},"query-input":{"@type":"PropertyValueSpecification","valueRequired":true,"valueName":"search_term_string"}}],"inLanguage":"en-GB"}]}},"_links":{"self":[{"href":"https:\/\/invimed.pl\/en\/wp-json\/wp\/v2\/pages\/7071","targetHints":{"allow":["GET"]}}],"collection":[{"href":"https:\/\/invimed.pl\/en\/wp-json\/wp\/v2\/pages"}],"about":[{"href":"https:\/\/invimed.pl\/en\/wp-json\/wp\/v2\/types\/page"}],"author":[{"embeddable":true,"href":"https:\/\/invimed.pl\/en\/wp-json\/wp\/v2\/users\/18"}],"replies":[{"embeddable":true,"href":"https:\/\/invimed.pl\/en\/wp-json\/wp\/v2\/comments?post=7071"}],"version-history":[{"count":6,"href":"https:\/\/invimed.pl\/en\/wp-json\/wp\/v2\/pages\/7071\/revisions"}],"predecessor-version":[{"id":258321,"href":"https:\/\/invimed.pl\/en\/wp-json\/wp\/v2\/pages\/7071\/revisions\/258321"}],"wp:featuredmedia":[{"embeddable":true,"href":"https:\/\/invimed.pl\/en\/wp-json\/wp\/v2\/media\/7072"}],"wp:attachment":[{"href":"https:\/\/invimed.pl\/en\/wp-json\/wp\/v2\/media?parent=7071"}],"curies":[{"name":"wp","href":"https:\/\/api.w.org\/{rel}","templated":true}]}}