{"id":7091,"date":"2024-04-30T15:13:43","date_gmt":"2024-04-30T15:13:43","guid":{"rendered":"https:\/\/invimed.pl\/?page_id=7091"},"modified":"2024-05-05T19:16:08","modified_gmt":"2024-05-05T19:16:08","slug":"genetic-testing-of-the-embryo-pgt-a","status":"publish","type":"page","link":"https:\/\/invimed.pl\/en\/badanie-genetyczne-zarodka-pgt-a","title":{"rendered":"Preimplantation genetic testing of embryos for the detection of PGT-A aneuploidy (PGS)"},"content":{"rendered":"<h2 class=\"wp-block-heading\" id=\"\"><\/h2>\n\n\n\n<p>At Invimed, preimplantation genetic testing for the detection of aneuploidies in embryos, formerly called: preimplantation genetic screening of embryos (<em>preimplantation genetic screening<\/em> - PGS), are performed using the advanced Next Generation Sequencing (NGS) technique. It allows a detailed reading of the entire genome of the embryo for the study of structural and numerical abnormalities of chromosomes (aneuploidy).<\/p>\n\n\n\n<section class=\"slider\">\n\t\t\t\t<div class=\"slider__wrapper\">\n\t\t<header class=\"slider__header\">\n\t\t\t<div class=\"acf-innerblocks-container\">\n\n<h2 class=\"wp-block-heading\" id=\"jak-przebiega-badanie-pgt-a\">How does the PGT-A test work?<\/h2>\n\n<\/div>\n\t\t<\/header>\n\t<\/div>\n\t\t\t<div class=\"slider__inner\">\n\t\t\t<div class=\"p-0 splide js-slider\">\n\t\t\t\t<div class=\"splide__track\">\n\t\t\t\t\t<div class=\"splide__list\">\n\t\t\t\t\t\t\t\t\t\t\t<div class=\"slider__item splide__slide\">\n\t\t\t\t\t\t\t<div class=\"h-100 item__wrapper\">\n\t\t\t\t\t\t\t\t\t\t\t\t\t\t\t<header class=\"d-flex align-items-center item__header\">\n\t\t\t\t\t\t\t\t\t<div class=\"d-flex align-items-center item__current\">\n\t\t\t\t\t\t\t\t\t\t<div class=\"d-flex align-items-center item__number\">\n\t\t\t\t\t\t\t\t\t\t\t<span class=\"d-flex justify-content-center align-items-center overflow-hidden item__number--current\">1<\/span>\n\t\t\t\t\t\t\t\t\t\t\t<span class=\"item__number--separator\">z<\/span>\n\t\t\t\t\t\t\t\t\t\t\t<span class=\"item__number--total\">3<\/span>\n\t\t\t\t\t\t\t\t\t\t<\/div>\n\t\t\t\t\t\t\t\t\t\t<h3 class=\"mb-0 item__title\">Stage 1 Biopsy <\/h3>\n\t\t\t\t\t\t\t\t\t<\/div>\n\t\t\t\t\t\t\t\t\t\t\t\t\t\t\t\t\t\t<button role=\"button\" class=\"item__next\">\n\t\t\t\t\t\t\t\t\t\t<span class=\"item__next__number d-flex justify-content-center align-items-center\">2<\/span>\n\t\t\t\t\t\t\t\t\t\t<h4 class=\"mb-0 item__next__title\">Stage 2: Genetic testing <\/h4>\n\t\t\t\t\t\t\t\t\t\t<svg class=\"item__next__icon\" width=\"13\" height=\"12\">\n\t\t\t\t\t\t\t\t\t\t\t<use xlink:href=\"#icon-slider-arrow-right\" \/>\n\t\t\t\t\t\t\t\t\t\t<\/svg>\n\t\t\t\t\t\t\t\t\t<\/button>\n\t\t\t\t\t\t\t\t\t\t\t\t\t\t\t\t\t<\/header>\n\t\t\t\t\t\t\t\t\t\t\t\t\t\t\t\t\t\t\t\t\t\t<div class=\"item__content\">\n\t\t\t\t\t\t\t\t\t\t\t\t\t\t\t\t\t<h3 class=\"item__content__title\">Stage 1 Biopsy <\/h3>\n\t\t\t\t\t\t\t\t\t\t\t\t\t\t\t\t\t\t\t\t\t\t\t\t\t<div class=\"item__content__description\">\n\t\t\t\t\t\t\t\t\t\t<h4 class=\"info_slide__content-title\"><\/h4>\n<div class=\"info_slide__content-content\">\n<p>Biopsy of the embryo takes place on day 5 of development, at the blastocyst stage. An experienced embryologist takes a few cells of the trophoectoderm of the embryo. He then secures the collected material and sends it for genetic analysis. Embryos that have undergone PGT-A are vitrified (frozen).<\/p>\n<\/div>\n\t\t\t\t\t\t\t\t\t<\/div>\n\t\t\t\t\t\t\t\t\t\t\t\t\t\t\t\t<\/div>\n\t\t\t\t\t\t\t\t\t\t\t\t\t\t<\/div>\n\t\t\t\t\t\t<\/div>\n\t\t\t\t\t\t\t\t\t\t\t<div class=\"slider__item splide__slide\">\n\t\t\t\t\t\t\t<div class=\"h-100 item__wrapper\">\n\t\t\t\t\t\t\t\t\t\t\t\t\t\t\t<header class=\"d-flex align-items-center item__header\">\n\t\t\t\t\t\t\t\t\t<div class=\"d-flex align-items-center item__current\">\n\t\t\t\t\t\t\t\t\t\t<div class=\"d-flex align-items-center item__number\">\n\t\t\t\t\t\t\t\t\t\t\t<span class=\"d-flex justify-content-center align-items-center overflow-hidden item__number--current\">2<\/span>\n\t\t\t\t\t\t\t\t\t\t\t<span class=\"item__number--separator\">z<\/span>\n\t\t\t\t\t\t\t\t\t\t\t<span class=\"item__number--total\">3<\/span>\n\t\t\t\t\t\t\t\t\t\t<\/div>\n\t\t\t\t\t\t\t\t\t\t<h3 class=\"mb-0 item__title\">Stage 2: Genetic testing <\/h3>\n\t\t\t\t\t\t\t\t\t<\/div>\n\t\t\t\t\t\t\t\t\t\t\t\t\t\t\t\t\t\t<button role=\"button\" class=\"item__next\">\n\t\t\t\t\t\t\t\t\t\t<span class=\"item__next__number d-flex justify-content-center align-items-center\">3<\/span>\n\t\t\t\t\t\t\t\t\t\t<h4 class=\"mb-0 item__next__title\">Stage. 3. embryo evaluation <\/h4>\n\t\t\t\t\t\t\t\t\t\t<svg class=\"item__next__icon\" width=\"13\" height=\"12\">\n\t\t\t\t\t\t\t\t\t\t\t<use xlink:href=\"#icon-slider-arrow-right\" \/>\n\t\t\t\t\t\t\t\t\t\t<\/svg>\n\t\t\t\t\t\t\t\t\t<\/button>\n\t\t\t\t\t\t\t\t\t\t\t\t\t\t\t\t\t<\/header>\n\t\t\t\t\t\t\t\t\t\t\t\t\t\t\t\t\t\t\t\t\t\t<div class=\"item__content\">\n\t\t\t\t\t\t\t\t\t\t\t\t\t\t\t\t\t<h3 class=\"item__content__title\">Stage 2: Genetic testing <\/h3>\n\t\t\t\t\t\t\t\t\t\t\t\t\t\t\t\t\t\t\t\t\t\t\t\t\t<div class=\"item__content__description\">\n\t\t\t\t\t\t\t\t\t\t<p>&nbsp;<\/p>\n<p>In the genetics laboratory, genetic material (DNA) is isolated from harvested embryo cells and analysed using a sequencer using NGS technology.<\/p>\n\t\t\t\t\t\t\t\t\t<\/div>\n\t\t\t\t\t\t\t\t\t\t\t\t\t\t\t\t<\/div>\n\t\t\t\t\t\t\t\t\t\t\t\t\t\t<\/div>\n\t\t\t\t\t\t<\/div>\n\t\t\t\t\t\t\t\t\t\t\t<div class=\"slider__item splide__slide\">\n\t\t\t\t\t\t\t<div class=\"h-100 item__wrapper\">\n\t\t\t\t\t\t\t\t\t\t\t\t\t\t\t<header class=\"d-flex align-items-center item__header\">\n\t\t\t\t\t\t\t\t\t<div class=\"d-flex align-items-center item__current\">\n\t\t\t\t\t\t\t\t\t\t<div class=\"d-flex align-items-center item__number\">\n\t\t\t\t\t\t\t\t\t\t\t<span class=\"d-flex justify-content-center align-items-center overflow-hidden item__number--current\">3<\/span>\n\t\t\t\t\t\t\t\t\t\t\t<span class=\"item__number--separator\">z<\/span>\n\t\t\t\t\t\t\t\t\t\t\t<span class=\"item__number--total\">3<\/span>\n\t\t\t\t\t\t\t\t\t\t<\/div>\n\t\t\t\t\t\t\t\t\t\t<h3 class=\"mb-0 item__title\">Stage. 3. embryo evaluation <\/h3>\n\t\t\t\t\t\t\t\t\t<\/div>\n\t\t\t\t\t\t\t\t\t\t\t\t\t\t\t\t\t<\/header>\n\t\t\t\t\t\t\t\t\t\t\t\t\t\t\t\t\t\t\t\t\t\t<div class=\"item__content\">\n\t\t\t\t\t\t\t\t\t\t\t\t\t\t\t\t\t<h3 class=\"item__content__title\">Stage. 3. embryo evaluation <\/h3>\n\t\t\t\t\t\t\t\t\t\t\t\t\t\t\t\t\t\t\t\t\t\t\t\t\t<div class=\"item__content__description\">\n\t\t\t\t\t\t\t\t\t\t<p>&nbsp;<\/p>\n<p>After receiving the results of the genetic test, the doctor together with the embryologist decide which genetically normal embryos can be intended for transfer.<\/p>\n\t\t\t\t\t\t\t\t\t<\/div>\n\t\t\t\t\t\t\t\t\t\t\t\t\t\t\t\t<\/div>\n\t\t\t\t\t\t\t\t\t\t\t\t\t\t<\/div>\n\t\t\t\t\t\t<\/div>\n\t\t\t\t\t\t\t\t\t\t<\/div>\n\t\t\t\t<\/div>\n\t\t\t\t<nav class=\"splide__nav d-flex\">\n\t\t\t\t\t<div class=\"d-flex splide__arrows\">\n\t\t\t\t\t\t<button class=\"position-static splide__arrow splide__arrow--prev\">\n\t\t\t\t\t\t\t<svg class=\"desktop\" width=\"14\" height=\"14\" viewbox=\"0 0 14 14\" fill=\"none\" xmlns=\"http:\/\/www.w3.org\/2000\/svg\">\n\t\t\t\t\t\t\t\t<path d=\"M12.6321 6.7927L2.37174 6.7927\" stroke=\"currentColor\" stroke-width=\"1.8\" stroke-linecap=\"round\" stroke-linejoin=\"round\"\/>\n\t\t\t\t\t\t\t\t<path d=\"M5.96284 12.3265L1.36791 7.0001L5.96284 1.67369\" stroke=\"currentColor\" stroke-width=\"1.8\" stroke-linecap=\"round\" stroke-linejoin=\"round\"\/>\n\t\t\t\t\t\t\t<\/svg>\n\t\t\t\t\t\t\t<svg class=\"mobile\" width=\"16\" height=\"16\" viewbox=\"0 0 16 16\" fill=\"none\" xmlns=\"http:\/\/www.w3.org\/2000\/svg\">\n\t\t\t\t\t\t\t\t<path d=\"M9.3 13.0002L5.66938 8.76453C5.28419 8.31514 5.28419 7.65202 5.66938 7.20263L9.3 2.96691\" stroke=\"currentColor\" stroke-width=\"1.1\" stroke-linecap=\"round\"\/>\n\t\t\t\t\t\t\t<\/svg>\n\t\t\t\t\t\t<\/button>\n\t\t\t\t\t\t<div class=\"position-static splide__pagination\" role=\"tablist\"><\/div>\n\t\t\t\t\t\t<button class=\"position-static splide__arrow splide__arrow--next\">\n\t\t\t\t\t\t\t<svg class=\"desktop\" width=\"14\" height=\"14\" viewbox=\"0 0 14 14\" fill=\"none\" xmlns=\"http:\/\/www.w3.org\/2000\/svg\">\n\t\t\t\t\t\t\t\t<path d=\"M1.36792 7.2073L11.6283 7.2073\" stroke=\"currentColor\" stroke-width=\"1.8\" stroke-linecap=\"round\" stroke-linejoin=\"round\"\/>\n\t\t\t\t\t\t\t\t<path d=\"M8.03717 1.67349L12.6321 6.9999L8.03716 12.3263\" stroke=\"currentColor\" stroke-width=\"1.8\" stroke-linecap=\"round\" stroke-linejoin=\"round\"\/>\n\t\t\t\t\t\t\t<\/svg>\n\t\t\t\t\t\t\t<svg class=\"mobile\" width=\"16\" height=\"16\" viewbox=\"0 0 16 16\" fill=\"none\" xmlns=\"http:\/\/www.w3.org\/2000\/svg\">\n\t\t\t\t\t\t\t\t<path d=\"M6.7 2.99976L10.3306 7.23547C10.7158 7.68486 10.7158 8.34798 10.3306 8.79737L6.7 13.0331\" stroke=\"currentColor\" stroke-width=\"1.1\" stroke-linecap=\"round\"\/>\n\t\t\t\t\t\t\t<\/svg>\n\t\t\t\t\t\t<\/button>\n\t\t\t\t\t<\/div>\n\t\t\t\t<\/nav>\n\t\t\t<\/div>\n\t\t<\/div>\n\t<\/section>\n\n\n\n<p><strong>Biopsy of the embryo does not affect its normal development. The risk of the embryo stopping further development is only 0.53%.<\/strong><\/p>\n\n\n\n<figure class=\"wp-block-table\"><table style=\"border-style:dashed;border-width:3px\"><tbody><tr><td class=\"has-text-align-center\" data-align=\"center\">NGS sequencing, which is used for PGT-A genetic testing, is a state-of-the-art technique that allows rapid analysis of the entire genome of an embryo, thanks to so-called parallel sequencing, which is the reading of the nucleotide sequence of a DNA molecule.<\/td><\/tr><\/tbody><\/table><\/figure>\n\n\n\n<h2 class=\"wp-block-heading\" id=\"co-wykrywa-badanie-pgt-a\">What does the PGT-A test detect?<\/h2>\n\n\n\n<p>PGT-A testing detects structural and quantitative changes in chromosomes.&nbsp;<\/p>\n\n\n\n<p>Any abnormalities in the number and structure of chromosomes can cause embryonic malformations and result in genetic diseases, i.e. Down syndrome (an excess of genetic material in the form of the presence of an extra third chromosome 21 or part of it called trisomy 21, or Patau syndrome (trisomy of chromosome 13).<\/p>\n\n\n\n<section class=\"check-list\">\n\t    <header class=\"check-list__header\">\n        <div class=\"acf-innerblocks-container\">\n\n<h2 class=\"wp-block-heading\" id=\"jak-dostarczyc-lekarzowi-wyniki-badan\">How to provide the doctor with the test results?<\/h2>\n\n\n\n<p>In the case of consultations with a gynaecologist (as part of the initial infertility consultation) and an immunologist, the teleportation takes place on the basis of a history and medical records provided by the patient.<\/p>\n\n<\/div>\n    <\/header>\n    <ul class=\"mb-0 p-0 check-list__inner\">\n            <li class=\"d-flex check-list__item\">\n            <div class=\"svg-container\">\n                <svg width=\"16\" height=\"16\">\n                    <use xlink:href=\"#icon-check-2\" \/>\n                <\/svg>\n            <\/div>\n            <div class=\"check-list__item__rte\">\n                <div class=\"check-list__item__rte\">\n<p>Wolf-Hirschhorn syndrome<\/p>\n<\/div>\n            <\/div>\n        <\/li>\n            <li class=\"d-flex check-list__item\">\n            <div class=\"svg-container\">\n                <svg width=\"16\" height=\"16\">\n                    <use xlink:href=\"#icon-check-2\" \/>\n                <\/svg>\n            <\/div>\n            <div class=\"check-list__item__rte\">\n                <p>Di George syndrome<\/p>\n            <\/div>\n        <\/li>\n        <\/ul>\n<\/section>\n\n\n\n<p>Structural aberrations (e.g. translocations) may be responsible for the occurrence of cancer, among other diseases.<\/p>\n\n\n\n<section class=\"check-list\">\n\t    <header class=\"check-list__header\">\n        <div class=\"acf-innerblocks-container\">\n\n<h2 class=\"wp-block-heading\" id=\"choroby-genetyczne-spowodowane-aneuploidia-niewlasciwym-kariotypem-pod-wzgledem-ilosci-chromosomow\">Genetic diseases caused by aneuploidy (incorrect karyotype in terms of number of chromosomes):<\/h2>\n\n<\/div>\n    <\/header>\n    <ul class=\"mb-0 p-0 check-list__inner\">\n            <li class=\"d-flex check-list__item\">\n            <div class=\"svg-container\">\n                <svg width=\"16\" height=\"16\">\n                    <use xlink:href=\"#icon-check-2\" \/>\n                <\/svg>\n            <\/div>\n            <div class=\"check-list__item__rte\">\n                <div class=\"check-list__item__rte\">\n<p>Kinefellter syndrome,<\/p>\n<\/div>\n            <\/div>\n        <\/li>\n            <li class=\"d-flex check-list__item\">\n            <div class=\"svg-container\">\n                <svg width=\"16\" height=\"16\">\n                    <use xlink:href=\"#icon-check-2\" \/>\n                <\/svg>\n            <\/div>\n            <div class=\"check-list__item__rte\">\n                <p>Jacobs syndrome,<\/p>\n            <\/div>\n        <\/li>\n            <li class=\"d-flex check-list__item\">\n            <div class=\"svg-container\">\n                <svg width=\"16\" height=\"16\">\n                    <use xlink:href=\"#icon-check-2\" \/>\n                <\/svg>\n            <\/div>\n            <div class=\"check-list__item__rte\">\n                <p>band XXX,<\/p>\n            <\/div>\n        <\/li>\n            <li class=\"d-flex check-list__item\">\n            <div class=\"svg-container\">\n                <svg width=\"16\" height=\"16\">\n                    <use xlink:href=\"#icon-check-2\" \/>\n                <\/svg>\n            <\/div>\n            <div class=\"check-list__item__rte\">\n                <p>Turner syndrome,<\/p>\n            <\/div>\n        <\/li>\n            <li class=\"d-flex check-list__item\">\n            <div class=\"svg-container\">\n                <svg width=\"16\" height=\"16\">\n                    <use xlink:href=\"#icon-check-2\" \/>\n                <\/svg>\n            <\/div>\n            <div class=\"check-list__item__rte\">\n                <p>Down's syndrome,<\/p>\n            <\/div>\n        <\/li>\n            <li class=\"d-flex check-list__item\">\n            <div class=\"svg-container\">\n                <svg width=\"16\" height=\"16\">\n                    <use xlink:href=\"#icon-check-2\" \/>\n                <\/svg>\n            <\/div>\n            <div class=\"check-list__item__rte\">\n                <p>Edwards syndrome,<\/p>\n            <\/div>\n        <\/li>\n            <li class=\"d-flex check-list__item\">\n            <div class=\"svg-container\">\n                <svg width=\"16\" height=\"16\">\n                    <use xlink:href=\"#icon-check-2\" \/>\n                <\/svg>\n            <\/div>\n            <div class=\"check-list__item__rte\">\n                <p>Patau syndrome,<\/p>\n            <\/div>\n        <\/li>\n            <li class=\"d-flex check-list__item\">\n            <div class=\"svg-container\">\n                <svg width=\"16\" height=\"16\">\n                    <use xlink:href=\"#icon-check-2\" \/>\n                <\/svg>\n            <\/div>\n            <div class=\"check-list__item__rte\">\n                <p>Warkany syndrome 2.<\/p>\n            <\/div>\n        <\/li>\n        <\/ul>\n<\/section>\n\n\n\n<figure class=\"wp-block-table\"><table style=\"border-style:dashed;border-width:3px\"><tbody><tr><td class=\"has-text-align-center\" data-align=\"center\">For more on diseases associated with an abnormal karyotype, see the subpage: <a href=\"https:\/\/invimed.pl\/en\/karyotype\/\" target=\"_blank\" rel=\"noreferrer noopener\">Karyotype.<\/a><\/td><\/tr><\/tbody><\/table><\/figure>\n\n\n\n<section class=\"check-list\">\n\t    <header class=\"check-list__header\">\n        <div class=\"acf-innerblocks-container\">\n\n<h2 class=\"wp-block-heading\" id=\"kiedy-wykonac-badanie-pgt-a\">When to perform the PGT-A test?<\/h2>\n\n\n\n<p>PGT-A testing is recommended primarily for couples:<\/p>\n\n<\/div>\n    <\/header>\n    <ul class=\"mb-0 p-0 check-list__inner\">\n            <li class=\"d-flex check-list__item\">\n            <div class=\"svg-container\">\n                <svg width=\"16\" height=\"16\">\n                    <use xlink:href=\"#icon-check-2\" \/>\n                <\/svg>\n            <\/div>\n            <div class=\"check-list__item__rte\">\n                <div class=\"check-list__item__rte\">\n<p>who have had habitual (recurrent) miscarriages,<\/p>\n<\/div>\n            <\/div>\n        <\/li>\n            <li class=\"d-flex check-list__item\">\n            <div class=\"svg-container\">\n                <svg width=\"16\" height=\"16\">\n                    <use xlink:href=\"#icon-check-2\" \/>\n                <\/svg>\n            <\/div>\n            <div class=\"check-list__item__rte\">\n                <p>having a child with a genetic disorder (e.g. Down's syndrome),<\/p>\n            <\/div>\n        <\/li>\n            <li class=\"d-flex check-list__item\">\n            <div class=\"svg-container\">\n                <svg width=\"16\" height=\"16\">\n                    <use xlink:href=\"#icon-check-2\" \/>\n                <\/svg>\n            <\/div>\n            <div class=\"check-list__item__rte\">\n                <p>in which an abnormal karyotype has been detected in one or both of them,<\/p>\n            <\/div>\n        <\/li>\n            <li class=\"d-flex check-list__item\">\n            <div class=\"svg-container\">\n                <svg width=\"16\" height=\"16\">\n                    <use xlink:href=\"#icon-check-2\" \/>\n                <\/svg>\n            <\/div>\n            <div class=\"check-list__item__rte\">\n                <p>whose partner has a poor semen test result, particularly an abnormal test result <a href=\"https:\/\/invimed.pl\/en\/test-scd\/\" target=\"_blank\" rel=\"noopener noreferrer\">SCD<\/a> (sperm DNA fragmentation),<\/p>\n            <\/div>\n        <\/li>\n            <li class=\"d-flex check-list__item\">\n            <div class=\"svg-container\">\n                <svg width=\"16\" height=\"16\">\n                    <use xlink:href=\"#icon-check-2\" \/>\n                <\/svg>\n            <\/div>\n            <div class=\"check-list__item__rte\">\n                <p>when a woman has exceeded the age of 35.<\/p>\n            <\/div>\n        <\/li>\n        <\/ul>\n<\/section>\n\n\n\n<h2 class=\"wp-block-heading\" id=\"gdzie-wykonac-badanie-pgt-a-zarodkow\">Where to perform PGT-A testing of embryos?<\/h2>\n\n\n\n<p>PGT-A testing is performed in every Invimed clinic. Invimed clinics cooperate with the largest genetic laboratory located in Europe - Igenomix . A team of eminent internationally recognised scientists has headed Igenomix for more than a dozen years. Igenomix has the largest gene libraries, as well as top-of-the-range NGS sequencers.<\/p>\n\n\n\n<p><\/p>\n\n\n\n<p class=\"has-text-align-center\"><\/p>\n\n\n\n<h3 class=\"wp-block-heading has-text-align-center\" id=\"\"><\/h3>","protected":false},"excerpt":{"rendered":"<p>W Invimed preimplantacyjne genetyczne badania w kierunku wykrywania aneuploidii u zarodk\u00f3w, dawniej pod nazw\u0105: preimplantacyjne badania genetyczne przesiewowe zarodk\u00f3w (preimplantation genetic screening \u2013 PGS), wykonywane s\u0105 za pomoc\u0105 zawansowanej techniki Sekwencjonowania Nowej Generacji (Next Generation Sequencing \u2013 NGS). Pozwala ono na szczeg\u00f3\u0142owy odczyt ca\u0142ego genomu zarodka w kierunku badania nieprawid\u0142owo\u015bci strukturalnych i liczbowych chromosom\u00f3w (aneuploidii). [&hellip;]<\/p>\n","protected":false},"author":18,"featured_media":7092,"parent":0,"menu_order":0,"comment_status":"closed","ping_status":"closed","template":"","meta":{"_acf_changed":false,"footnotes":""},"class_list":["post-7091","page","type-page","status-publish","has-post-thumbnail","hentry"],"acf":[],"yoast_head":"<!-- This site is optimized with the Yoast SEO plugin v27.2 - https:\/\/yoast.com\/product\/yoast-seo-wordpress\/ -->\n<title>Preimplantacyjne genetyczne badania zarodk\u00f3w w kierunku wykrywania aneuploidii PGT-A (PGS) - Invimed<\/title>\n<meta name=\"description\" content=\"Histeroskopia to najdok\u0142adniejsze badanie oceniaj\u0105ce anatomi\u0119 jamy macicy \u2013 jej kszta\u0142t, \u015bluz\u00f3wk\u0119, uj\u015bcia jajowodowe.\" \/>\n<meta name=\"robots\" content=\"index, follow, max-snippet:-1, max-image-preview:large, max-video-preview:-1\" \/>\n<meta property=\"og:locale\" content=\"en_GB\" \/>\n<meta property=\"og:type\" content=\"article\" \/>\n<meta property=\"og:title\" content=\"Preimplantacyjne genetyczne badania zarodk\u00f3w w kierunku wykrywania aneuploidii PGT-A (PGS) - Invimed\" \/>\n<meta property=\"og:description\" content=\"Histeroskopia to najdok\u0142adniejsze badanie oceniaj\u0105ce anatomi\u0119 jamy macicy \u2013 jej kszta\u0142t, \u015bluz\u00f3wk\u0119, uj\u015bcia jajowodowe.\" \/>\n<meta property=\"og:url\" content=\"https:\/\/invimed.pl\/en\/genetic-testing-of-the-embryo-pgt-a\/\" \/>\n<meta property=\"og:site_name\" content=\"Invimed\" \/>\n<meta property=\"article:modified_time\" content=\"2024-05-05T19:16:08+00:00\" \/>\n<meta property=\"og:image\" content=\"https:\/\/invimed.pl\/wp-content\/uploads\/2024\/04\/1440x300-badania-przesiewowe-jpg-2.jpg\" \/>\n\t<meta property=\"og:image:width\" content=\"1440\" \/>\n\t<meta property=\"og:image:height\" content=\"300\" \/>\n\t<meta property=\"og:image:type\" content=\"image\/jpeg\" \/>\n<meta name=\"twitter:card\" content=\"summary_large_image\" \/>\n<meta name=\"twitter:label1\" content=\"Estimated reading time\" \/>\n\t<meta name=\"twitter:data1\" content=\"2 minutes\" \/>\n<!-- \/ Yoast SEO plugin. -->","yoast_head_json":{"title":"Preimplantation genetic testing of embryos for the detection of PGT-A aneuploidy (PGS) - Invimed","description":"Hysteroscopy is the most accurate examination to assess the anatomy of the uterine cavity - its shape, mucosa, fallopian tube orifices.","robots":{"index":"index","follow":"follow","max-snippet":"max-snippet:-1","max-image-preview":"max-image-preview:large","max-video-preview":"max-video-preview:-1"},"og_locale":"en_GB","og_type":"article","og_title":"Preimplantacyjne genetyczne badania zarodk\u00f3w w kierunku wykrywania aneuploidii PGT-A (PGS) - Invimed","og_description":"Histeroskopia to najdok\u0142adniejsze badanie oceniaj\u0105ce anatomi\u0119 jamy macicy \u2013 jej kszta\u0142t, \u015bluz\u00f3wk\u0119, uj\u015bcia jajowodowe.","og_url":"https:\/\/invimed.pl\/en\/genetic-testing-of-the-embryo-pgt-a\/","og_site_name":"Invimed","article_modified_time":"2024-05-05T19:16:08+00:00","og_image":[{"width":1440,"height":300,"url":"https:\/\/invimed.pl\/wp-content\/uploads\/2024\/04\/1440x300-badania-przesiewowe-jpg-2.jpg","type":"image\/jpeg"}],"twitter_card":"summary_large_image","twitter_misc":{"Estimated reading time":"2 minutes"},"schema":{"@context":"https:\/\/schema.org","@graph":[{"@type":"WebPage","@id":"https:\/\/invimed.pl\/badanie-genetyczne-zarodka-pgt-a","url":"https:\/\/invimed.pl\/badanie-genetyczne-zarodka-pgt-a","name":"Preimplantation genetic testing of embryos for the detection of PGT-A aneuploidy (PGS) - Invimed","isPartOf":{"@id":"https:\/\/invimed.pl\/#website"},"primaryImageOfPage":{"@id":"https:\/\/invimed.pl\/badanie-genetyczne-zarodka-pgt-a#primaryimage"},"image":{"@id":"https:\/\/invimed.pl\/badanie-genetyczne-zarodka-pgt-a#primaryimage"},"thumbnailUrl":"https:\/\/invimed.pl\/wp-content\/uploads\/2024\/04\/1440x300-badania-przesiewowe-jpg-2.jpg","datePublished":"2024-04-30T15:13:43+00:00","dateModified":"2024-05-05T19:16:08+00:00","description":"Hysteroscopy is the most accurate examination to assess the anatomy of the uterine cavity - its shape, mucosa, fallopian tube orifices.","breadcrumb":{"@id":"https:\/\/invimed.pl\/badanie-genetyczne-zarodka-pgt-a#breadcrumb"},"inLanguage":"en-GB","potentialAction":[{"@type":"ReadAction","target":["https:\/\/invimed.pl\/badanie-genetyczne-zarodka-pgt-a"]}]},{"@type":"ImageObject","inLanguage":"en-GB","@id":"https:\/\/invimed.pl\/badanie-genetyczne-zarodka-pgt-a#primaryimage","url":"https:\/\/invimed.pl\/wp-content\/uploads\/2024\/04\/1440x300-badania-przesiewowe-jpg-2.jpg","contentUrl":"https:\/\/invimed.pl\/wp-content\/uploads\/2024\/04\/1440x300-badania-przesiewowe-jpg-2.jpg","width":1440,"height":300},{"@type":"BreadcrumbList","@id":"https:\/\/invimed.pl\/badanie-genetyczne-zarodka-pgt-a#breadcrumb","itemListElement":[{"@type":"ListItem","position":1,"name":"Strona g\u0142\u00f3wna","item":"https:\/\/invimed.pl\/"},{"@type":"ListItem","position":2,"name":"Preimplantacyjne genetyczne badania zarodk\u00f3w w kierunku wykrywania aneuploidii PGT-A (PGS)"}]},{"@type":"WebSite","@id":"https:\/\/invimed.pl\/#website","url":"https:\/\/invimed.pl\/","name":"Invimed","description":"Our mission is to create a happy family together","potentialAction":[{"@type":"SearchAction","target":{"@type":"EntryPoint","urlTemplate":"https:\/\/invimed.pl\/?s={search_term_string}"},"query-input":{"@type":"PropertyValueSpecification","valueRequired":true,"valueName":"search_term_string"}}],"inLanguage":"en-GB"}]}},"_links":{"self":[{"href":"https:\/\/invimed.pl\/en\/wp-json\/wp\/v2\/pages\/7091","targetHints":{"allow":["GET"]}}],"collection":[{"href":"https:\/\/invimed.pl\/en\/wp-json\/wp\/v2\/pages"}],"about":[{"href":"https:\/\/invimed.pl\/en\/wp-json\/wp\/v2\/types\/page"}],"author":[{"embeddable":true,"href":"https:\/\/invimed.pl\/en\/wp-json\/wp\/v2\/users\/18"}],"replies":[{"embeddable":true,"href":"https:\/\/invimed.pl\/en\/wp-json\/wp\/v2\/comments?post=7091"}],"version-history":[{"count":2,"href":"https:\/\/invimed.pl\/en\/wp-json\/wp\/v2\/pages\/7091\/revisions"}],"predecessor-version":[{"id":61924,"href":"https:\/\/invimed.pl\/en\/wp-json\/wp\/v2\/pages\/7091\/revisions\/61924"}],"wp:featuredmedia":[{"embeddable":true,"href":"https:\/\/invimed.pl\/en\/wp-json\/wp\/v2\/media\/7092"}],"wp:attachment":[{"href":"https:\/\/invimed.pl\/en\/wp-json\/wp\/v2\/media?parent=7091"}],"curies":[{"name":"wp","href":"https:\/\/api.w.org\/{rel}","templated":true}]}}