{"id":7094,"date":"2024-04-30T15:17:22","date_gmt":"2024-04-30T15:17:22","guid":{"rendered":"https:\/\/invimed.pl\/?page_id=7094"},"modified":"2024-05-05T19:16:17","modified_gmt":"2024-05-05T19:16:17","slug":"real-chance-of-pregnancy-and-child-how-the-guarantee-works","status":"publish","type":"page","link":"https:\/\/invimed.pl\/en\/realna-szansa-na-ciaze-i-dziecko-jak-dziala-gwarancja","title":{"rendered":"A realistic chance of pregnancy and child - how does the guarantee work?"},"content":{"rendered":"<h2 class=\"wp-block-heading\" id=\"\"><\/h2>\n\n\n\n<p>The egg cells that the female recipients receive as part of the programme were taken from young and healthy women. We know that they are fertile because each of them is already a mother and has at least one healthy child.<\/p>\n\n\n\n<p>However, if after fertilisation of the first set of 10-12 oocytes, you fail to obtain 3 good quality embryos, you will receive another set of 8 oocytes at no additional cost for oocyte collection, vitrification and heating and embryological procedures until you have obtained 3 high quality embryos.<\/p>\n\n\n\n<p>If it happens that less than half of a set of 10-12 oocytes warms up, we will provide another set of 10-12 oocytes to increase your chances of receiving the guaranteed 3 good quality embryos, at no additional cost to you for the procedures described above.<\/p>\n\n\n\n<figure class=\"wp-block-table\"><table style=\"border-style:dashed;border-width:3px\"><tbody><tr><td class=\"has-text-align-center\" data-align=\"center\">If you decide to participate in an IVF programme with a guarantee of 3 quality embryos, you will receive them and with them, a real chance of pregnancy and a baby.<\/td><\/tr><\/tbody><\/table><\/figure>\n\n\n\n<figure class=\"wp-block-embed is-type-video is-provider-youtube wp-block-embed-youtube wp-embed-aspect-16-9 wp-has-aspect-ratio\"><div class=\"wp-block-embed__wrapper\">\n<iframe loading=\"lazy\" title=\"Guarantee of embryos in IVF programme with donor eggs\" width=\"500\" height=\"281\" src=\"https:\/\/www.youtube.com\/embed\/Seg2Z6VG45M?feature=oembed\" frameborder=\"0\" allow=\"accelerometer; autoplay; clipboard-write; encrypted-media; gyroscope; picture-in-picture; web-share\" referrerpolicy=\"strict-origin-when-cross-origin\" allowfullscreen><\/iframe>\n<\/div><\/figure>","protected":false},"excerpt":{"rendered":"<p>Kom\u00f3rki jajowe, kt\u00f3re kobiety-biorczynie otrzymuj\u0105 w ramach programu, zosta\u0142y pobrane od m\u0142odych i zdrowych kobiet. Wiemy, \u017ce s\u0105 p\u0142odne, poniewa\u017c ka\u017cda z nich jest ju\u017c matk\u0105 i posiada przynajmniej jedno zdrowe dziecko. Je\u017celi jednak po zap\u0142odnieniu pierwszego zestawu 10-12 kom\u00f3rek jajowych, nie uda si\u0119 pozyska\u0107 3 zarodk\u00f3w dobrej jako\u015bci, otrzymasz kolejny zestaw 8 kom\u00f3rek jajowych [&hellip;]<\/p>\n","protected":false},"author":18,"featured_media":7096,"parent":0,"menu_order":0,"comment_status":"closed","ping_status":"closed","template":"","meta":{"_acf_changed":false,"footnotes":""},"class_list":["post-7094","page","type-page","status-publish","has-post-thumbnail","hentry"],"acf":[],"yoast_head":"<!-- This site is optimized with the Yoast SEO plugin v27.2 - https:\/\/yoast.com\/product\/yoast-seo-wordpress\/ -->\n<title>Realna szansa na ci\u0105\u017c\u0119 i dziecko - jak dzia\u0142a gwarancja? - Invimed<\/title>\n<meta name=\"description\" content=\"Kom\u00f3rki jajowe, kt\u00f3re kobiety-biorczynie otrzymuj\u0105 w ramach programu, zosta\u0142y pobrane od m\u0142odych i zdrowych kobiet. Wiemy, \u017ce s\u0105 p\u0142odne, poniewa\u017c ka\u017cda z nich jest ju\u017c matk\u0105 i posiada przynajmniej jedno zdrowe dziecko.\" \/>\n<meta name=\"robots\" content=\"index, follow, max-snippet:-1, max-image-preview:large, max-video-preview:-1\" \/>\n<meta property=\"og:locale\" content=\"en_GB\" \/>\n<meta property=\"og:type\" content=\"article\" \/>\n<meta property=\"og:title\" content=\"Realna szansa na ci\u0105\u017c\u0119 i dziecko - jak dzia\u0142a gwarancja? - Invimed\" \/>\n<meta property=\"og:description\" content=\"Kom\u00f3rki jajowe, kt\u00f3re kobiety-biorczynie otrzymuj\u0105 w ramach programu, zosta\u0142y pobrane od m\u0142odych i zdrowych kobiet. Wiemy, \u017ce s\u0105 p\u0142odne, poniewa\u017c ka\u017cda z nich jest ju\u017c matk\u0105 i posiada przynajmniej jedno zdrowe dziecko.\" \/>\n<meta property=\"og:url\" content=\"https:\/\/invimed.pl\/en\/real-chance-of-pregnancy-and-child-how-the-guarantee-works\/\" \/>\n<meta property=\"og:site_name\" content=\"Invimed\" \/>\n<meta property=\"article:modified_time\" content=\"2024-05-05T19:16:17+00:00\" \/>\n<meta property=\"og:image\" content=\"https:\/\/invimed.pl\/wp-content\/uploads\/2024\/04\/gettyimages-505122600-jpg.jpg\" \/>\n\t<meta property=\"og:image:width\" content=\"1440\" \/>\n\t<meta property=\"og:image:height\" content=\"300\" \/>\n\t<meta property=\"og:image:type\" content=\"image\/jpeg\" \/>\n<meta name=\"twitter:card\" content=\"summary_large_image\" \/>\n<meta name=\"twitter:label1\" content=\"Estimated reading time\" \/>\n\t<meta name=\"twitter:data1\" content=\"2 minutes\" \/>\n<!-- \/ Yoast SEO plugin. -->","yoast_head_json":{"title":"A realistic chance of pregnancy and a baby - how does the guarantee work? - Invimed","description":"The egg cells that the female recipients receive as part of the programme were taken from young and healthy women. We know that they are fertile because each of them is already a mother and has at least one healthy child.","robots":{"index":"index","follow":"follow","max-snippet":"max-snippet:-1","max-image-preview":"max-image-preview:large","max-video-preview":"max-video-preview:-1"},"og_locale":"en_GB","og_type":"article","og_title":"Realna szansa na ci\u0105\u017c\u0119 i dziecko - jak dzia\u0142a gwarancja? - Invimed","og_description":"Kom\u00f3rki jajowe, kt\u00f3re kobiety-biorczynie otrzymuj\u0105 w ramach programu, zosta\u0142y pobrane od m\u0142odych i zdrowych kobiet. Wiemy, \u017ce s\u0105 p\u0142odne, poniewa\u017c ka\u017cda z nich jest ju\u017c matk\u0105 i posiada przynajmniej jedno zdrowe dziecko.","og_url":"https:\/\/invimed.pl\/en\/real-chance-of-pregnancy-and-child-how-the-guarantee-works\/","og_site_name":"Invimed","article_modified_time":"2024-05-05T19:16:17+00:00","og_image":[{"width":1440,"height":300,"url":"https:\/\/invimed.pl\/wp-content\/uploads\/2024\/04\/gettyimages-505122600-jpg.jpg","type":"image\/jpeg"}],"twitter_card":"summary_large_image","twitter_misc":{"Estimated reading time":"2 minutes"},"schema":{"@context":"https:\/\/schema.org","@graph":[{"@type":"WebPage","@id":"https:\/\/invimed.pl\/realna-szansa-na-ciaze-i-dziecko-jak-dziala-gwarancja","url":"https:\/\/invimed.pl\/realna-szansa-na-ciaze-i-dziecko-jak-dziala-gwarancja","name":"A realistic chance of pregnancy and a baby - how does the guarantee work? - Invimed","isPartOf":{"@id":"https:\/\/invimed.pl\/#website"},"primaryImageOfPage":{"@id":"https:\/\/invimed.pl\/realna-szansa-na-ciaze-i-dziecko-jak-dziala-gwarancja#primaryimage"},"image":{"@id":"https:\/\/invimed.pl\/realna-szansa-na-ciaze-i-dziecko-jak-dziala-gwarancja#primaryimage"},"thumbnailUrl":"https:\/\/invimed.pl\/wp-content\/uploads\/2024\/04\/gettyimages-505122600-jpg.jpg","datePublished":"2024-04-30T15:17:22+00:00","dateModified":"2024-05-05T19:16:17+00:00","description":"The egg cells that the female recipients receive as part of the programme were taken from young and healthy women. We know that they are fertile because each of them is already a mother and has at least one healthy child.","breadcrumb":{"@id":"https:\/\/invimed.pl\/realna-szansa-na-ciaze-i-dziecko-jak-dziala-gwarancja#breadcrumb"},"inLanguage":"en-GB","potentialAction":[{"@type":"ReadAction","target":["https:\/\/invimed.pl\/realna-szansa-na-ciaze-i-dziecko-jak-dziala-gwarancja"]}]},{"@type":"ImageObject","inLanguage":"en-GB","@id":"https:\/\/invimed.pl\/realna-szansa-na-ciaze-i-dziecko-jak-dziala-gwarancja#primaryimage","url":"https:\/\/invimed.pl\/wp-content\/uploads\/2024\/04\/gettyimages-505122600-jpg.jpg","contentUrl":"https:\/\/invimed.pl\/wp-content\/uploads\/2024\/04\/gettyimages-505122600-jpg.jpg","width":1440,"height":300},{"@type":"BreadcrumbList","@id":"https:\/\/invimed.pl\/realna-szansa-na-ciaze-i-dziecko-jak-dziala-gwarancja#breadcrumb","itemListElement":[{"@type":"ListItem","position":1,"name":"Strona g\u0142\u00f3wna","item":"https:\/\/invimed.pl\/"},{"@type":"ListItem","position":2,"name":"Realna szansa na ci\u0105\u017c\u0119 i dziecko &#8211; jak dzia\u0142a gwarancja?"}]},{"@type":"WebSite","@id":"https:\/\/invimed.pl\/#website","url":"https:\/\/invimed.pl\/","name":"Invimed","description":"Our mission is to create a happy family together","potentialAction":[{"@type":"SearchAction","target":{"@type":"EntryPoint","urlTemplate":"https:\/\/invimed.pl\/?s={search_term_string}"},"query-input":{"@type":"PropertyValueSpecification","valueRequired":true,"valueName":"search_term_string"}}],"inLanguage":"en-GB"}]}},"_links":{"self":[{"href":"https:\/\/invimed.pl\/en\/wp-json\/wp\/v2\/pages\/7094","targetHints":{"allow":["GET"]}}],"collection":[{"href":"https:\/\/invimed.pl\/en\/wp-json\/wp\/v2\/pages"}],"about":[{"href":"https:\/\/invimed.pl\/en\/wp-json\/wp\/v2\/types\/page"}],"author":[{"embeddable":true,"href":"https:\/\/invimed.pl\/en\/wp-json\/wp\/v2\/users\/18"}],"replies":[{"embeddable":true,"href":"https:\/\/invimed.pl\/en\/wp-json\/wp\/v2\/comments?post=7094"}],"version-history":[{"count":3,"href":"https:\/\/invimed.pl\/en\/wp-json\/wp\/v2\/pages\/7094\/revisions"}],"predecessor-version":[{"id":61925,"href":"https:\/\/invimed.pl\/en\/wp-json\/wp\/v2\/pages\/7094\/revisions\/61925"}],"wp:featuredmedia":[{"embeddable":true,"href":"https:\/\/invimed.pl\/en\/wp-json\/wp\/v2\/media\/7096"}],"wp:attachment":[{"href":"https:\/\/invimed.pl\/en\/wp-json\/wp\/v2\/media?parent=7094"}],"curies":[{"name":"wp","href":"https:\/\/api.w.org\/{rel}","templated":true}]}}