{"id":847,"date":"2024-02-01T11:12:31","date_gmt":"2024-02-01T11:12:31","guid":{"rendered":"https:\/\/invimed.pl\/?page_id=847"},"modified":"2025-10-27T13:44:53","modified_gmt":"2025-10-27T13:44:53","slug":"research","status":"publish","type":"page","link":"https:\/\/invimed.pl\/en\/badania","title":{"rendered":"Research"},"content":{"rendered":"<p>When efforts to have a baby take a long time and are unsuccessful, it is worth looking for the cause of this condition. A correct diagnosis is the first step towards effective treatment. If you are looking for a diagnosis because you have not been able to get pregnant for a long time, make an appointment for an initial infertility consultation at Invimed. <\/p>\n\n\n\n<p>Fertility tests should benefit not only the woman, but also her partner, since infertility is a common problem of the couple and the reduction in reproductive capacity affects both sexes to the same extent (moreover, it happens that the reduction in fertility occurs simultaneously in both partners). A full diagnosis of both partners is important already at the stage of choosing the right treatment path. <\/p>\n\n\n<section class=\"links block_2efefb9ebc6c91364b6446d43b2a2fbf\">\n        <div class=\"d-flex flex-wrap links__wrapper\">\n            <div class=\"links__col\">\n                    <h2 class=\"links__col__heading\">Semen examination<\/h2>\n                        <ul class=\"links__list\">\n                            <li class=\"position-relative links__item\">\n                    <a class=\"links__link\" href=\"https:\/\/invimed.pl\/en\/research\/semen\/warsaw\/\" target=\"_blank\" rel=\"noopener noreferrer\">\n                        Semen examination Warsaw                    <\/a>\n                <\/li>\n                            <li class=\"position-relative links__item\">\n                    <a class=\"links__link\" href=\"https:\/\/invimed.pl\/en\/research\/semen\/wroclaw\/\" target=\"_blank\" rel=\"noopener noreferrer\">\n                        Semen examination Wroc\u0142aw                    <\/a>\n                <\/li>\n                            <li class=\"position-relative links__item\">\n                    <a class=\"links__link\" href=\"https:\/\/invimed.pl\/en\/research\/semen\/poznan\/\" target=\"_blank\" rel=\"noopener noreferrer\">\n                        Semen examination Pozna\u0144                    <\/a>\n                <\/li>\n                            <li class=\"position-relative links__item\">\n                    <a class=\"links__link\" href=\"https:\/\/invimed.pl\/en\/research\/semen\/gdynia\/\" target=\"_blank\" rel=\"noopener noreferrer\">\n                        Semen examination Gdynia                    <\/a>\n                <\/li>\n                            <li class=\"position-relative links__item\">\n                    <a class=\"links__link\" href=\"https:\/\/invimed.pl\/en\/research\/semen\/katowice\/\" target=\"_blank\" rel=\"noopener noreferrer\">\n                        Semen examination Katowice                    <\/a>\n                <\/li>\n                        <\/ul>\n                            <\/div>\n            <div class=\"links__col\">\n                    <h2 class=\"links__col__heading\">AMH test<\/h2>\n                        <ul class=\"links__list\">\n                            <li class=\"position-relative links__item\">\n                    <a class=\"links__link\" href=\"https:\/\/invimed.pl\/en\/research\/amh\/wroclaw\/\" target=\"_blank\" rel=\"noopener noreferrer\">\n                        AMH Wroc\u0142aw                    <\/a>\n                <\/li>\n                            <li class=\"position-relative links__item\">\n                    <a class=\"links__link\" href=\"https:\/\/invimed.pl\/en\/research\/amh\/katowice\/\" target=\"_blank\" rel=\"noopener noreferrer\">\n                        AMH Katowice                    <\/a>\n                <\/li>\n                            <li class=\"position-relative links__item\">\n                    <a class=\"links__link\" href=\"https:\/\/invimed.pl\/en\/research\/amh\/warsaw\/\" target=\"_blank\" rel=\"noopener noreferrer\">\n                        AMH Warsaw                    <\/a>\n                <\/li>\n                            <li class=\"position-relative links__item\">\n                    <a class=\"links__link\" href=\"https:\/\/invimed.pl\/en\/research\/amh\/gdynia\/\" target=\"_blank\" rel=\"noopener noreferrer\">\n                        AMG Gdynia                    <\/a>\n                <\/li>\n                        <\/ul>\n                            <\/div>\n        <\/div>\n<\/section>\n\n\n<section class=\"links block_e9e7230a807f9c4c14902b58f81ea4d0\">\n        <div class=\"d-flex flex-wrap links__wrapper\">\n            <div class=\"links__col\">\n                    <h2 class=\"links__col__heading\">Prenatal testing<\/h2>\n                        <ul class=\"links__list\">\n                            <li class=\"position-relative links__item\">\n                    <a class=\"links__link\" href=\"https:\/\/invimed.pl\/en\/research\/prenatal\/veracity\/\" target=\"_blank\" rel=\"noopener noreferrer\">\n                        VERACITY                    <\/a>\n                <\/li>\n                        <\/ul>\n                            <\/div>\n            <div class=\"links__col\">\n                    <h2 class=\"links__col__heading\">Laboratory tests<\/h2>\n                        <ul class=\"links__list\">\n                            <li class=\"position-relative links__item\">\n                    <a class=\"links__link\" href=\"https:\/\/invimed.pl\/en\/research\/beta-hcg-test\/\" target=\"_blank\" rel=\"noopener noreferrer\">\n                        Beta HCG test                    <\/a>\n                <\/li>\n                            <li class=\"position-relative links__item\">\n                    <a class=\"links__link\" href=\"https:\/\/invimed.pl\/en\/research\/hbs-antigen-test\/\" target=\"_blank\" rel=\"noopener noreferrer\">\n                        HBs antigen testing                    <\/a>\n                <\/li>\n                            <li class=\"position-relative links__item\">\n                    <a class=\"links__link\" href=\"https:\/\/invimed.pl\/en\/research\/anti-hbc-antibodies\/\" target=\"_blank\" rel=\"noopener noreferrer\">\n                        Anti-HBc antibodies                    <\/a>\n                <\/li>\n                        <\/ul>\n                            <\/div>\n        <\/div>\n<\/section>\n\n\n<section class=\"links block_93c44139c242f61497ccccd4b5c41b21\">\n        <div class=\"d-flex flex-wrap links__wrapper\">\n            <div class=\"links__col\">\n                    <h2 class=\"links__col__heading\">Cytology<\/h2>\n                        <ul class=\"links__list\">\n                            <li class=\"position-relative links__item\">\n                    <a class=\"links__link\" href=\"https:\/\/invimed.pl\/en\/research\/cytology\/\" target=\"_blank\" rel=\"noopener noreferrer\">\n                        Cytology - prevention                    <\/a>\n                <\/li>\n                            <li class=\"position-relative links__item\">\n                    <a class=\"links__link\" href=\"https:\/\/invimed.pl\/en\/research\/liquid-cytology-lbc\/\" target=\"_blank\" rel=\"noopener noreferrer\">\n                        LBC liquid cytology                    <\/a>\n                <\/li>\n                        <\/ul>\n                            <\/div>\n            <div class=\"links__col\">\n                    <h2 class=\"links__col__heading\">Karyotype<\/h2>\n                        <ul class=\"links__list\">\n                            <li class=\"position-relative links__item\">\n                    <a class=\"links__link\" href=\"https:\/\/invimed.pl\/en\/research\/karyotype\/\" target=\"_blank\" rel=\"noopener noreferrer\">\n                        Human karyotype study                    <\/a>\n                <\/li>\n                        <\/ul>\n                            <\/div>\n        <\/div>\n<\/section>\n\n\n<section class=\"links block_c01858f820714e0d76ea0bb39b06bf81\">\n        <div class=\"d-flex flex-wrap links__wrapper\">\n            <div class=\"links__col\">\n                    <h2 class=\"links__col__heading\">Endometriosis<\/h2>\n                        <ul class=\"links__list\">\n                            <li class=\"position-relative links__item\">\n                    <a class=\"links__link\" href=\"https:\/\/invimed.pl\/en\/causes-of-infertility\/endometriosis\/test\/warsaw\/\" target=\"_blank\" rel=\"noopener noreferrer\">\n                        Test di                    <\/a>\n                <\/li>\n                            <li class=\"position-relative links__item\">\n                    <a class=\"links__link\" href=\"https:\/\/invimed.pl\/en\/research\/sonovaginography\/wroclaw\/\" target=\"_blank\" rel=\"noopener noreferrer\">\n                        Sonovaginography Wroc\u0142aw                    <\/a>\n                <\/li>\n                            <li class=\"position-relative links__item\">\n                    <a class=\"links__link\" href=\"https:\/\/invimed.pl\/en\/research\/sonovaginography\/gdynia\/\" target=\"_blank\" rel=\"noopener noreferrer\">\n                        Sonovaginography Gdynia                    <\/a>\n                <\/li>\n                        <\/ul>\n                            <\/div>\n            <div class=\"links__col\">\n                    <h2 class=\"links__col__heading\">CFTR<\/h2>\n                        <ul class=\"links__list\">\n                            <li class=\"position-relative links__item\">\n                    <a class=\"links__link\" href=\"https:\/\/invimed.pl\/en\/cftr-test\/\" target=\"_blank\" rel=\"noopener noreferrer\">\n                        CFTR test                    <\/a>\n                <\/li>\n                        <\/ul>\n                            <\/div>\n            <div class=\"links__col\">\n                    <h2 class=\"links__col__heading\">AZF<\/h2>\n                        <ul class=\"links__list\">\n                            <li class=\"position-relative links__item\">\n                    <a class=\"links__link\" href=\"https:\/\/invimed.pl\/en\/azf-test\/\" target=\"_blank\" rel=\"noopener noreferrer\">\n                        AZF study                    <\/a>\n                <\/li>\n                        <\/ul>\n                            <\/div>\n        <\/div>\n<\/section>\n\n\n<section class=\"links block_02f924259cd9d5f97b16acf6f381fc47\">\n        <div class=\"d-flex flex-wrap links__wrapper\">\n            <div class=\"links__col\">\n                    <h2 class=\"links__col__heading\">Embryo preimplementation studies<\/h2>\n                        <ul class=\"links__list\">\n                            <li class=\"position-relative links__item\">\n                    <a class=\"links__link\" href=\"https:\/\/invimed.pl\/en\/genetic-testing-of-the-embryo\/\" target=\"_blank\" rel=\"noopener noreferrer\">\n                        Preimplantation testing of embryos                    <\/a>\n                <\/li>\n                            <li class=\"position-relative links__item\">\n                    <a class=\"links__link\" href=\"https:\/\/invimed.pl\/en\/news\/novel-non-invasive-embryo-genetic-test-embrace\/\" target=\"_blank\" rel=\"noopener noreferrer\">\n                        Non-invasive genetic testing of embryos - Embrace                    <\/a>\n                <\/li>\n                            <li class=\"position-relative links__item\">\n                    <a class=\"links__link\" href=\"https:\/\/invimed.pl\/en\/scd-sperm-bottom-fragmentation-test\/\" target=\"_blank\" rel=\"noopener noreferrer\">\n                        Sperm DNA fragmentation test (SCD)                    <\/a>\n                <\/li>\n                        <\/ul>\n                            <\/div>\n            <div class=\"links__col\">\n                    <h2 class=\"links__col__heading\">Sono HSG<\/h2>\n                        <ul class=\"links__list\">\n                            <li class=\"position-relative links__item\">\n                    <a class=\"links__link\" href=\"https:\/\/invimed.pl\/en\/research\/sono-hsg\/\" target=\"_blank\" rel=\"noopener noreferrer\">\n                        Sono HSG examination                    <\/a>\n                <\/li>\n                        <\/ul>\n                            <\/div>\n        <\/div>\n<\/section>\n\n\n<section class=\"links block_69a2e153c8c84f457a5505ced9269fbc\">\n        <div class=\"d-flex flex-wrap links__wrapper\">\n            <div class=\"links__col\">\n                    <h2 class=\"links__col__heading\">Genetic testing<\/h2>\n                        <ul class=\"links__list\">\n                            <li class=\"position-relative links__item\">\n                    <a class=\"links__link\" href=\"https:\/\/invimed.pl\/en\/research\/genetic\/adventia-test\/\" target=\"_blank\" rel=\"noopener noreferrer\">\n                        Adventia test                    <\/a>\n                <\/li>\n                            <li class=\"position-relative links__item\">\n                    <a class=\"links__link\" href=\"https:\/\/invimed.pl\/en\/research\/genetic\/nutrigen-test\/\" target=\"_blank\" rel=\"noopener noreferrer\">\n                        NutriGen test                    <\/a>\n                <\/li>\n                            <li class=\"position-relative links__item\">\n                    <a class=\"links__link\" href=\"https:\/\/invimed.pl\/en\/research\/genetic\/ebiom\/\" target=\"_blank\" rel=\"noopener noreferrer\">\n                        eBiom                    <\/a>\n                <\/li>\n                            <li class=\"position-relative links__item\">\n                    <a class=\"links__link\" href=\"https:\/\/invimed.pl\/en\/research\/genetic\/rodinia\/\" target=\"_blank\" rel=\"noopener noreferrer\">\n                        Rodinia                    <\/a>\n                <\/li>\n                        <\/ul>\n                            <\/div>\n        <\/div>\n<\/section>\n\n\n<section class=\"links block_8981ca579f983803e4b985ca6665eda7\">\n        <div class=\"d-flex flex-wrap links__wrapper\">\n            <div class=\"links__col\">\n                    <h2 class=\"links__col__heading\">ULTRASOUND <\/h2>\n                        <ul class=\"links__list\">\n                            <li class=\"position-relative links__item\">\n                    <a class=\"links__link\" href=\"https:\/\/invimed.pl\/en\/research\/breast-ultrasound\/\" target=\"_blank\" rel=\"noopener noreferrer\">\n                        Breast ultrasound: What does it look like, when to do it and how does the examination go?                    <\/a>\n                <\/li>\n                            <li class=\"position-relative links__item\">\n                    <a class=\"links__link\" href=\"https:\/\/invimed.pl\/en\/research\/breast-ultrasound\/gdynia\/\" target=\"_blank\" rel=\"noopener noreferrer\">\n                        Breast ultrasound Gdynia                    <\/a>\n                <\/li>\n                        <\/ul>\n                            <\/div>\n        <\/div>\n<\/section>\n\n\n\n<p><\/p>","protected":false},"excerpt":{"rendered":"<p>Gdy starania o dziecko trwaj\u0105 d\u0142ugo i nie przynosz\u0105 efektu, warto poszuka\u0107 przyczyny tego stanu. W\u0142a\u015bciwie postawiona diagnoza to pierwszy krok do podj\u0119cia skutecznego leczenia. Je\u015bli szukasz diagnozy, poniewa\u017c od d\u0142u\u017cszego czasu nie mo\u017cesz zaj\u015b\u0107 w ci\u0105\u017c\u0119, um\u00f3w si\u0119 na pierwsz\u0105 konsultacj\u0119 niep\u0142odno\u015bciow\u0105 w Invimed. Z bada\u0144 p\u0142odno\u015bci powinna skorzysta\u0107 nie tylko kobieta, ale r\u00f3wnie\u017c [&hellip;]<\/p>\n","protected":false},"author":1,"featured_media":0,"parent":0,"menu_order":0,"comment_status":"closed","ping_status":"closed","template":"","meta":{"_acf_changed":false,"footnotes":""},"class_list":["post-847","page","type-page","status-publish","hentry"],"acf":[],"yoast_head":"<!-- This site is optimized with the Yoast SEO plugin v27.2 - https:\/\/yoast.com\/product\/yoast-seo-wordpress\/ -->\n<title>Badania - Invimed<\/title>\n<meta name=\"robots\" content=\"index, follow, max-snippet:-1, max-image-preview:large, max-video-preview:-1\" \/>\n<meta property=\"og:locale\" content=\"en_GB\" \/>\n<meta property=\"og:type\" content=\"article\" \/>\n<meta property=\"og:title\" content=\"Badania - Invimed\" \/>\n<meta property=\"og:description\" content=\"Gdy starania o dziecko trwaj\u0105 d\u0142ugo i nie przynosz\u0105 efektu, warto poszuka\u0107 przyczyny tego stanu. W\u0142a\u015bciwie postawiona diagnoza to pierwszy krok do podj\u0119cia skutecznego leczenia. Je\u015bli szukasz diagnozy, poniewa\u017c od d\u0142u\u017cszego czasu nie mo\u017cesz zaj\u015b\u0107 w ci\u0105\u017c\u0119, um\u00f3w si\u0119 na pierwsz\u0105 konsultacj\u0119 niep\u0142odno\u015bciow\u0105 w Invimed. Z bada\u0144 p\u0142odno\u015bci powinna skorzysta\u0107 nie tylko kobieta, ale r\u00f3wnie\u017c [&hellip;]\" \/>\n<meta property=\"og:url\" content=\"https:\/\/invimed.pl\/en\/research\/\" \/>\n<meta property=\"og:site_name\" content=\"Invimed\" \/>\n<meta property=\"article:modified_time\" content=\"2025-10-27T13:44:53+00:00\" \/>\n<meta name=\"twitter:card\" content=\"summary_large_image\" \/>\n<meta name=\"twitter:label1\" content=\"Estimated reading time\" \/>\n\t<meta name=\"twitter:data1\" content=\"1 minute\" \/>\n<!-- \/ Yoast SEO plugin. -->","yoast_head_json":{"title":"Research - Invimed","robots":{"index":"index","follow":"follow","max-snippet":"max-snippet:-1","max-image-preview":"max-image-preview:large","max-video-preview":"max-video-preview:-1"},"og_locale":"en_GB","og_type":"article","og_title":"Badania - Invimed","og_description":"Gdy starania o dziecko trwaj\u0105 d\u0142ugo i nie przynosz\u0105 efektu, warto poszuka\u0107 przyczyny tego stanu. W\u0142a\u015bciwie postawiona diagnoza to pierwszy krok do podj\u0119cia skutecznego leczenia. Je\u015bli szukasz diagnozy, poniewa\u017c od d\u0142u\u017cszego czasu nie mo\u017cesz zaj\u015b\u0107 w ci\u0105\u017c\u0119, um\u00f3w si\u0119 na pierwsz\u0105 konsultacj\u0119 niep\u0142odno\u015bciow\u0105 w Invimed. Z bada\u0144 p\u0142odno\u015bci powinna skorzysta\u0107 nie tylko kobieta, ale r\u00f3wnie\u017c [&hellip;]","og_url":"https:\/\/invimed.pl\/en\/research\/","og_site_name":"Invimed","article_modified_time":"2025-10-27T13:44:53+00:00","twitter_card":"summary_large_image","twitter_misc":{"Estimated reading time":"1 minute"},"schema":{"@context":"https:\/\/schema.org","@graph":[{"@type":"WebPage","@id":"https:\/\/invimed.pl\/badania","url":"https:\/\/invimed.pl\/badania","name":"Research - Invimed","isPartOf":{"@id":"https:\/\/invimed.pl\/#website"},"datePublished":"2024-02-01T11:12:31+00:00","dateModified":"2025-10-27T13:44:53+00:00","breadcrumb":{"@id":"https:\/\/invimed.pl\/badania#breadcrumb"},"inLanguage":"en-GB","potentialAction":[{"@type":"ReadAction","target":["https:\/\/invimed.pl\/badania"]}]},{"@type":"BreadcrumbList","@id":"https:\/\/invimed.pl\/badania#breadcrumb","itemListElement":[{"@type":"ListItem","position":1,"name":"Strona g\u0142\u00f3wna","item":"https:\/\/invimed.pl\/"},{"@type":"ListItem","position":2,"name":"Badania"}]},{"@type":"WebSite","@id":"https:\/\/invimed.pl\/#website","url":"https:\/\/invimed.pl\/","name":"Invimed","description":"Our mission is to create a happy family together","potentialAction":[{"@type":"SearchAction","target":{"@type":"EntryPoint","urlTemplate":"https:\/\/invimed.pl\/?s={search_term_string}"},"query-input":{"@type":"PropertyValueSpecification","valueRequired":true,"valueName":"search_term_string"}}],"inLanguage":"en-GB"}]}},"_links":{"self":[{"href":"https:\/\/invimed.pl\/en\/wp-json\/wp\/v2\/pages\/847","targetHints":{"allow":["GET"]}}],"collection":[{"href":"https:\/\/invimed.pl\/en\/wp-json\/wp\/v2\/pages"}],"about":[{"href":"https:\/\/invimed.pl\/en\/wp-json\/wp\/v2\/types\/page"}],"author":[{"embeddable":true,"href":"https:\/\/invimed.pl\/en\/wp-json\/wp\/v2\/users\/1"}],"replies":[{"embeddable":true,"href":"https:\/\/invimed.pl\/en\/wp-json\/wp\/v2\/comments?post=847"}],"version-history":[{"count":18,"href":"https:\/\/invimed.pl\/en\/wp-json\/wp\/v2\/pages\/847\/revisions"}],"predecessor-version":[{"id":271008,"href":"https:\/\/invimed.pl\/en\/wp-json\/wp\/v2\/pages\/847\/revisions\/271008"}],"wp:attachment":[{"href":"https:\/\/invimed.pl\/en\/wp-json\/wp\/v2\/media?parent=847"}],"curies":[{"name":"wp","href":"https:\/\/api.w.org\/{rel}","templated":true}]}}