{"id":90,"date":"2023-11-29T10:29:53","date_gmt":"2023-11-29T10:29:53","guid":{"rendered":"https:\/\/invimed.pl\/?page_id=90"},"modified":"2024-07-23T13:31:21","modified_gmt":"2024-07-23T13:31:21","slug":"techniki-zwiekszajace-skutecznosc-in-vitro","status":"publish","type":"page","link":"https:\/\/invimed.pl\/en\/in-vitro\/zagniezdzenie-zarodka","title":{"rendered":"Techniques to increase the effectiveness of in vitro"},"content":{"rendered":"<p><strong>The essence of in vitro fertilisation is the fusion of a sperm and an egg under laboratory conditions. Modern assistive techniques can increase the effectiveness of IVF by preparing the embryo appropriately or increasing its chance of implantation.<\/strong><\/p>\n\n\n\n<section class=\"slider\">\n\t\t\t\t<div class=\"slider__wrapper\">\n\t\t<header class=\"slider__header\">\n\t\t\t<div class=\"acf-innerblocks-container\"><\/div>\n\t\t<\/header>\n\t<\/div>\n\t\t\t<div class=\"slider__inner\">\n\t\t\t<div class=\"p-0 splide js-slider\">\n\t\t\t\t<div class=\"splide__track\">\n\t\t\t\t\t<div class=\"splide__list\">\n\t\t\t\t\t\t\t\t\t\t\t<div class=\"slider__item splide__slide\">\n\t\t\t\t\t\t\t<div class=\"h-100 item__wrapper\">\n\t\t\t\t\t\t\t\t\t\t\t\t\t\t\t<header class=\"d-flex align-items-center item__header\">\n\t\t\t\t\t\t\t\t\t<div class=\"d-flex align-items-center item__current\">\n\t\t\t\t\t\t\t\t\t\t<div class=\"d-flex align-items-center item__number\">\n\t\t\t\t\t\t\t\t\t\t\t<span class=\"d-flex justify-content-center align-items-center overflow-hidden item__number--current\">1<\/span>\n\t\t\t\t\t\t\t\t\t\t\t<span class=\"item__number--separator\">z<\/span>\n\t\t\t\t\t\t\t\t\t\t\t<span class=\"item__number--total\">4<\/span>\n\t\t\t\t\t\t\t\t\t\t<\/div>\n\t\t\t\t\t\t\t\t\t\t<h3 class=\"mb-0 item__title\">AZH (Assisted Zona Hatching)<\/h3>\n\t\t\t\t\t\t\t\t\t<\/div>\n\t\t\t\t\t\t\t\t\t\t\t\t\t\t\t\t\t\t<button role=\"button\" class=\"item__next\">\n\t\t\t\t\t\t\t\t\t\t<span class=\"item__next__number d-flex justify-content-center align-items-center\">2<\/span>\n\t\t\t\t\t\t\t\t\t\t<h4 class=\"mb-0 item__next__title\">ERA test (Endometrial Receptivity Analysis)<\/h4>\n\t\t\t\t\t\t\t\t\t\t<svg class=\"item__next__icon\" width=\"13\" height=\"12\">\n\t\t\t\t\t\t\t\t\t\t\t<use xlink:href=\"#icon-slider-arrow-right\" \/>\n\t\t\t\t\t\t\t\t\t\t<\/svg>\n\t\t\t\t\t\t\t\t\t<\/button>\n\t\t\t\t\t\t\t\t\t\t\t\t\t\t\t\t\t<\/header>\n\t\t\t\t\t\t\t\t\t\t\t\t\t\t\t\t\t\t\t\t\t\t<div class=\"item__content\">\n\t\t\t\t\t\t\t\t\t\t\t\t\t\t\t\t\t<h3 class=\"item__content__title\">AZH (Assisted Zona Hatching)<\/h3>\n\t\t\t\t\t\t\t\t\t\t\t\t\t\t\t\t\t\t\t\t\t\t\t\t\t<div class=\"item__content__description\">\n\t\t\t\t\t\t\t\t\t\t<p><a style=\"transition: color var(--transition-speed) var(--transition-timing-function);\" href=\"https:\/\/invimed.pl\/en\/azh-assisted-zona-hatching\/\"><img loading=\"lazy\" decoding=\"async\" class=\"alignnone size-full wp-image-2591\" src=\"https:\/\/invimed.pl\/app\/uploads\/2024\/04\/ikona9-1.png\" alt=\"\" width=\"56\" height=\"56\" srcset=\"https:\/\/invimed.pl\/wp-content\/uploads\/2024\/04\/ikona9-1.png 56w, https:\/\/invimed.pl\/wp-content\/uploads\/2024\/04\/ikona9-1-42x42.png 42w, https:\/\/invimed.pl\/wp-content\/uploads\/2024\/04\/ikona9-1-24x24.png 24w, https:\/\/invimed.pl\/wp-content\/uploads\/2024\/04\/ikona9-1-45x45.png 45w\" sizes=\"auto, (max-width: 56px) 100vw, 56px\" \/> <\/a><\/p>\n<p>The AZH procedure (Assisted Zona Hatching) increases the chances of proper embryo implantation and pregnancy by preparing the embryo for the process of implantation in the uterus. During the AZH procedure, the embryo's zona pellucida undergoes a small incision so that the process of hatching (hatching) of the embryo from the zona pellucida is uninterrupted.\u00a0 <a href=\"https:\/\/invimed.pl\/en\/azh-assisted-zona-hatching\/\">Read more -&gt;<\/a><\/p>\n\t\t\t\t\t\t\t\t\t<\/div>\n\t\t\t\t\t\t\t\t\t\t\t\t\t\t\t\t<\/div>\n\t\t\t\t\t\t\t\t\t\t\t\t\t\t<\/div>\n\t\t\t\t\t\t<\/div>\n\t\t\t\t\t\t\t\t\t\t\t<div class=\"slider__item splide__slide\">\n\t\t\t\t\t\t\t<div class=\"h-100 item__wrapper\">\n\t\t\t\t\t\t\t\t\t\t\t\t\t\t\t<header class=\"d-flex align-items-center item__header\">\n\t\t\t\t\t\t\t\t\t<div class=\"d-flex align-items-center item__current\">\n\t\t\t\t\t\t\t\t\t\t<div class=\"d-flex align-items-center item__number\">\n\t\t\t\t\t\t\t\t\t\t\t<span class=\"d-flex justify-content-center align-items-center overflow-hidden item__number--current\">2<\/span>\n\t\t\t\t\t\t\t\t\t\t\t<span class=\"item__number--separator\">z<\/span>\n\t\t\t\t\t\t\t\t\t\t\t<span class=\"item__number--total\">4<\/span>\n\t\t\t\t\t\t\t\t\t\t<\/div>\n\t\t\t\t\t\t\t\t\t\t<h3 class=\"mb-0 item__title\">ERA test (Endometrial Receptivity Analysis)<\/h3>\n\t\t\t\t\t\t\t\t\t<\/div>\n\t\t\t\t\t\t\t\t\t\t\t\t\t\t\t\t\t\t<button role=\"button\" class=\"item__next\">\n\t\t\t\t\t\t\t\t\t\t<span class=\"item__next__number d-flex justify-content-center align-items-center\">3<\/span>\n\t\t\t\t\t\t\t\t\t\t<h4 class=\"mb-0 item__next__title\">ZyM\u014dt ICSI, ZyM\u014dt Multi (850 \u00b5L), ZyM\u014dt Multi (3 mL)<\/h4>\n\t\t\t\t\t\t\t\t\t\t<svg class=\"item__next__icon\" width=\"13\" height=\"12\">\n\t\t\t\t\t\t\t\t\t\t\t<use xlink:href=\"#icon-slider-arrow-right\" \/>\n\t\t\t\t\t\t\t\t\t\t<\/svg>\n\t\t\t\t\t\t\t\t\t<\/button>\n\t\t\t\t\t\t\t\t\t\t\t\t\t\t\t\t\t<\/header>\n\t\t\t\t\t\t\t\t\t\t\t\t\t\t\t\t\t\t\t\t\t\t<div class=\"item__content\">\n\t\t\t\t\t\t\t\t\t\t\t\t\t\t\t\t\t<h3 class=\"item__content__title\">ERA test (Endometrial Receptivity Analysis)<\/h3>\n\t\t\t\t\t\t\t\t\t\t\t\t\t\t\t\t\t\t\t\t\t\t\t\t\t<div class=\"item__content__description\">\n\t\t\t\t\t\t\t\t\t\t<p><img loading=\"lazy\" decoding=\"async\" class=\"alignnone wp-image-2419\" src=\"https:\/\/invimed.pl\/app\/uploads\/2024\/04\/ikona9.png\" alt=\"\" width=\"59\" height=\"59\" srcset=\"https:\/\/invimed.pl\/wp-content\/uploads\/2024\/04\/ikona9.png 56w, https:\/\/invimed.pl\/wp-content\/uploads\/2024\/04\/ikona9-42x42.png 42w, https:\/\/invimed.pl\/wp-content\/uploads\/2024\/04\/ikona9-24x24.png 24w, https:\/\/invimed.pl\/wp-content\/uploads\/2024\/04\/ikona9-45x45.png 45w\" sizes=\"auto, (max-width: 59px) 100vw, 59px\" \/><\/p>\n<p>The ERA test (Endometrial Receptivity Analysis) is used to determine the so-called implantation window - the most convenient time for the transfer of the embryo into the uterine cavity. Determining the optimum time for transfer of the embryo into the patient's uterus increases the chances of a successful IVF procedure. <a href=\"https:\/\/invimed.pl\/en\/era-endometrial-receptivity-test\/\">Read more -&gt;<\/a><\/p>\n\t\t\t\t\t\t\t\t\t<\/div>\n\t\t\t\t\t\t\t\t\t\t\t\t\t\t\t\t<\/div>\n\t\t\t\t\t\t\t\t\t\t\t\t\t\t<\/div>\n\t\t\t\t\t\t<\/div>\n\t\t\t\t\t\t\t\t\t\t\t<div class=\"slider__item splide__slide\">\n\t\t\t\t\t\t\t<div class=\"h-100 item__wrapper\">\n\t\t\t\t\t\t\t\t\t\t\t\t\t\t\t<header class=\"d-flex align-items-center item__header\">\n\t\t\t\t\t\t\t\t\t<div class=\"d-flex align-items-center item__current\">\n\t\t\t\t\t\t\t\t\t\t<div class=\"d-flex align-items-center item__number\">\n\t\t\t\t\t\t\t\t\t\t\t<span class=\"d-flex justify-content-center align-items-center overflow-hidden item__number--current\">3<\/span>\n\t\t\t\t\t\t\t\t\t\t\t<span class=\"item__number--separator\">z<\/span>\n\t\t\t\t\t\t\t\t\t\t\t<span class=\"item__number--total\">4<\/span>\n\t\t\t\t\t\t\t\t\t\t<\/div>\n\t\t\t\t\t\t\t\t\t\t<h3 class=\"mb-0 item__title\">ZyM\u014dt ICSI, ZyM\u014dt Multi (850 \u00b5L), ZyM\u014dt Multi (3 mL)<\/h3>\n\t\t\t\t\t\t\t\t\t<\/div>\n\t\t\t\t\t\t\t\t\t\t\t\t\t\t\t\t\t\t<button role=\"button\" class=\"item__next\">\n\t\t\t\t\t\t\t\t\t\t<span class=\"item__next__number d-flex justify-content-center align-items-center\">4<\/span>\n\t\t\t\t\t\t\t\t\t\t<h4 class=\"mb-0 item__next__title\">EmbryoGlue\u00ae<\/h4>\n\t\t\t\t\t\t\t\t\t\t<svg class=\"item__next__icon\" width=\"13\" height=\"12\">\n\t\t\t\t\t\t\t\t\t\t\t<use xlink:href=\"#icon-slider-arrow-right\" \/>\n\t\t\t\t\t\t\t\t\t\t<\/svg>\n\t\t\t\t\t\t\t\t\t<\/button>\n\t\t\t\t\t\t\t\t\t\t\t\t\t\t\t\t\t<\/header>\n\t\t\t\t\t\t\t\t\t\t\t\t\t\t\t\t\t\t\t\t\t\t<div class=\"item__content\">\n\t\t\t\t\t\t\t\t\t\t\t\t\t\t\t\t\t<h3 class=\"item__content__title\">ZyM\u014dt ICSI, ZyM\u014dt Multi (850 \u00b5L), ZyM\u014dt Multi (3 mL)<\/h3>\n\t\t\t\t\t\t\t\t\t\t\t\t\t\t\t\t\t\t\t\t\t\t\t\t\t<div class=\"item__content__description\">\n\t\t\t\t\t\t\t\t\t\t<p><img loading=\"lazy\" decoding=\"async\" class=\"alignnone size-full wp-image-2411\" src=\"https:\/\/invimed.pl\/app\/uploads\/2024\/04\/ikona1.png\" alt=\"\" width=\"56\" height=\"56\" srcset=\"https:\/\/invimed.pl\/wp-content\/uploads\/2024\/04\/ikona1.png 56w, https:\/\/invimed.pl\/wp-content\/uploads\/2024\/04\/ikona1-42x42.png 42w, https:\/\/invimed.pl\/wp-content\/uploads\/2024\/04\/ikona1-24x24.png 24w, https:\/\/invimed.pl\/wp-content\/uploads\/2024\/04\/ikona1-45x45.png 45w\" sizes=\"auto, (max-width: 56px) 100vw, 56px\" \/><\/p>\n<p>In nature, sperm selection takes place in the female reproductive tract. ZyM\u014dt chips map the processes that take place there. These specialised tools select the sperm that have the best chance of forming a normal embryo. They are used as an optional procedure for in vitro fertilisation. In many publications, these chips appear under the obsolete name Fertile Chip (Fertile, Fertile Plus and Fertile Ultimate).\u00a0 <a href=\"https:\/\/invimed.pl\/en\/fertile-chip\/\">Read more -&gt;<\/a><\/p>\n\t\t\t\t\t\t\t\t\t<\/div>\n\t\t\t\t\t\t\t\t\t\t\t\t\t\t\t\t<\/div>\n\t\t\t\t\t\t\t\t\t\t\t\t\t\t<\/div>\n\t\t\t\t\t\t<\/div>\n\t\t\t\t\t\t\t\t\t\t\t<div class=\"slider__item splide__slide\">\n\t\t\t\t\t\t\t<div class=\"h-100 item__wrapper\">\n\t\t\t\t\t\t\t\t\t\t\t\t\t\t\t<header class=\"d-flex align-items-center item__header\">\n\t\t\t\t\t\t\t\t\t<div class=\"d-flex align-items-center item__current\">\n\t\t\t\t\t\t\t\t\t\t<div class=\"d-flex align-items-center item__number\">\n\t\t\t\t\t\t\t\t\t\t\t<span class=\"d-flex justify-content-center align-items-center overflow-hidden item__number--current\">4<\/span>\n\t\t\t\t\t\t\t\t\t\t\t<span class=\"item__number--separator\">z<\/span>\n\t\t\t\t\t\t\t\t\t\t\t<span class=\"item__number--total\">4<\/span>\n\t\t\t\t\t\t\t\t\t\t<\/div>\n\t\t\t\t\t\t\t\t\t\t<h3 class=\"mb-0 item__title\">EmbryoGlue\u00ae<\/h3>\n\t\t\t\t\t\t\t\t\t<\/div>\n\t\t\t\t\t\t\t\t\t\t\t\t\t\t\t\t\t<\/header>\n\t\t\t\t\t\t\t\t\t\t\t\t\t\t\t\t\t\t\t\t\t\t<div class=\"item__content\">\n\t\t\t\t\t\t\t\t\t\t\t\t\t\t\t\t\t<h3 class=\"item__content__title\">EmbryoGlue\u00ae<\/h3>\n\t\t\t\t\t\t\t\t\t\t\t\t\t\t\t\t\t\t\t\t\t\t\t\t\t<div class=\"item__content__description\">\n\t\t\t\t\t\t\t\t\t\t<p><img loading=\"lazy\" decoding=\"async\" class=\"alignnone size-full wp-image-2591\" src=\"https:\/\/invimed.pl\/app\/uploads\/2024\/04\/ikona9-1.png\" alt=\"\" width=\"56\" height=\"56\" srcset=\"https:\/\/invimed.pl\/wp-content\/uploads\/2024\/04\/ikona9-1.png 56w, https:\/\/invimed.pl\/wp-content\/uploads\/2024\/04\/ikona9-1-42x42.png 42w, https:\/\/invimed.pl\/wp-content\/uploads\/2024\/04\/ikona9-1-24x24.png 24w, https:\/\/invimed.pl\/wp-content\/uploads\/2024\/04\/ikona9-1-45x45.png 45w\" sizes=\"auto, (max-width: 56px) 100vw, 56px\" \/><\/p>\n<p>Sometimes it happens that, despite obtaining a promising embryo, a pregnancy cannot be maintained because there are difficulties with the embryo implanting in the uterine cavity. The chances of proper embryo implantation increase with EmbryoGlue\u00ae. <a href=\"https:\/\/invimed.pl\/en\/embryoglue\/\">Read more -&gt;<\/a><\/p>\n<p>&nbsp;<\/p>\n\t\t\t\t\t\t\t\t\t<\/div>\n\t\t\t\t\t\t\t\t\t\t\t\t\t\t\t\t<\/div>\n\t\t\t\t\t\t\t\t\t\t\t\t\t\t<\/div>\n\t\t\t\t\t\t<\/div>\n\t\t\t\t\t\t\t\t\t\t<\/div>\n\t\t\t\t<\/div>\n\t\t\t\t<nav class=\"splide__nav d-flex\">\n\t\t\t\t\t<div class=\"d-flex splide__arrows\">\n\t\t\t\t\t\t<button class=\"position-static splide__arrow splide__arrow--prev\">\n\t\t\t\t\t\t\t<svg class=\"desktop\" width=\"14\" height=\"14\" viewbox=\"0 0 14 14\" fill=\"none\" xmlns=\"http:\/\/www.w3.org\/2000\/svg\">\n\t\t\t\t\t\t\t\t<path d=\"M12.6321 6.7927L2.37174 6.7927\" stroke=\"currentColor\" stroke-width=\"1.8\" stroke-linecap=\"round\" stroke-linejoin=\"round\"\/>\n\t\t\t\t\t\t\t\t<path d=\"M5.96284 12.3265L1.36791 7.0001L5.96284 1.67369\" stroke=\"currentColor\" stroke-width=\"1.8\" stroke-linecap=\"round\" stroke-linejoin=\"round\"\/>\n\t\t\t\t\t\t\t<\/svg>\n\t\t\t\t\t\t\t<svg class=\"mobile\" width=\"16\" height=\"16\" viewbox=\"0 0 16 16\" fill=\"none\" xmlns=\"http:\/\/www.w3.org\/2000\/svg\">\n\t\t\t\t\t\t\t\t<path d=\"M9.3 13.0002L5.66938 8.76453C5.28419 8.31514 5.28419 7.65202 5.66938 7.20263L9.3 2.96691\" stroke=\"currentColor\" stroke-width=\"1.1\" stroke-linecap=\"round\"\/>\n\t\t\t\t\t\t\t<\/svg>\n\t\t\t\t\t\t<\/button>\n\t\t\t\t\t\t<div class=\"position-static splide__pagination\" role=\"tablist\"><\/div>\n\t\t\t\t\t\t<button class=\"position-static splide__arrow splide__arrow--next\">\n\t\t\t\t\t\t\t<svg class=\"desktop\" width=\"14\" height=\"14\" viewbox=\"0 0 14 14\" fill=\"none\" xmlns=\"http:\/\/www.w3.org\/2000\/svg\">\n\t\t\t\t\t\t\t\t<path d=\"M1.36792 7.2073L11.6283 7.2073\" stroke=\"currentColor\" stroke-width=\"1.8\" stroke-linecap=\"round\" stroke-linejoin=\"round\"\/>\n\t\t\t\t\t\t\t\t<path d=\"M8.03717 1.67349L12.6321 6.9999L8.03716 12.3263\" stroke=\"currentColor\" stroke-width=\"1.8\" stroke-linecap=\"round\" stroke-linejoin=\"round\"\/>\n\t\t\t\t\t\t\t<\/svg>\n\t\t\t\t\t\t\t<svg class=\"mobile\" width=\"16\" height=\"16\" viewbox=\"0 0 16 16\" fill=\"none\" xmlns=\"http:\/\/www.w3.org\/2000\/svg\">\n\t\t\t\t\t\t\t\t<path d=\"M6.7 2.99976L10.3306 7.23547C10.7158 7.68486 10.7158 8.34798 10.3306 8.79737L6.7 13.0331\" stroke=\"currentColor\" stroke-width=\"1.1\" stroke-linecap=\"round\"\/>\n\t\t\t\t\t\t\t<\/svg>\n\t\t\t\t\t\t<\/button>\n\t\t\t\t\t<\/div>\n\t\t\t\t<\/nav>\n\t\t\t<\/div>\n\t\t<\/div>\n\t<\/section>\n\n\n\n<section class=\"videos block_cc74720138f7fa3ba0369a923d6ff323\">\n        <div class=\"videos__wrapper\">\n        <header class=\"videos__header\">\n            <div class=\"acf-innerblocks-container\">\n\n<h2 class=\"wp-block-heading\" id=\"techniki-zwiekszajace-skutecznosc-in-vitro\">TECHNIQUES TO INCREASE THE EFFICIENCY OF IN VITRO<\/h2>\n\n\n\n<h3 class=\"wp-block-heading\" id=\"dowiedz-siewiecej-na-ten-temat\">Find out more about<\/h3>\n\n<\/div>\n        <\/header>\n            <div class=\"d-flex videos__list\">\n                    <div class=\"videos__item\">\n                <div class=\"position-relative overflow-hidden videos__item__inner\">\n                                    <figure class=\"position-absolute top-0 left-0 w-100 h-100 videos__item__image\">\n                        <img loading=\"lazy\" decoding=\"async\" width=\"658\" height=\"370\" src=\"https:\/\/invimed.pl\/wp-content\/uploads\/2024\/04\/invimed-tu-rodzi-sie-szczescie-658x370.png\" class=\"attachment-videos-image size-videos-image\" alt=\"InviMed - happiness is born here\" srcset=\"https:\/\/invimed.pl\/wp-content\/uploads\/2024\/04\/invimed-tu-rodzi-sie-szczescie-658x370.png 658w, https:\/\/invimed.pl\/wp-content\/uploads\/2024\/04\/invimed-tu-rodzi-sie-szczescie-300x169.png 300w, https:\/\/invimed.pl\/wp-content\/uploads\/2024\/04\/invimed-tu-rodzi-sie-szczescie-1024x576.png 1024w, https:\/\/invimed.pl\/wp-content\/uploads\/2024\/04\/invimed-tu-rodzi-sie-szczescie-768x432.png 768w, https:\/\/invimed.pl\/wp-content\/uploads\/2024\/04\/invimed-tu-rodzi-sie-szczescie-1536x864.png 1536w, https:\/\/invimed.pl\/wp-content\/uploads\/2024\/04\/invimed-tu-rodzi-sie-szczescie-380x214.png 380w, https:\/\/invimed.pl\/wp-content\/uploads\/2024\/04\/invimed-tu-rodzi-sie-szczescie-54x30.png 54w, https:\/\/invimed.pl\/wp-content\/uploads\/2024\/04\/invimed-tu-rodzi-sie-szczescie-854x480.png 854w, https:\/\/invimed.pl\/wp-content\/uploads\/2024\/04\/invimed-tu-rodzi-sie-szczescie-411x231.png 411w, https:\/\/invimed.pl\/wp-content\/uploads\/2024\/04\/invimed-tu-rodzi-sie-szczescie-71x40.png 71w, https:\/\/invimed.pl\/wp-content\/uploads\/2024\/04\/invimed-tu-rodzi-sie-szczescie-442x249.png 442w, https:\/\/invimed.pl\/wp-content\/uploads\/2024\/04\/invimed-tu-rodzi-sie-szczescie-734x413.png 734w, https:\/\/invimed.pl\/wp-content\/uploads\/2024\/04\/invimed-tu-rodzi-sie-szczescie-70x39.png 70w, https:\/\/invimed.pl\/wp-content\/uploads\/2024\/04\/invimed-tu-rodzi-sie-szczescie-63x35.png 63w, https:\/\/invimed.pl\/wp-content\/uploads\/2024\/04\/invimed-tu-rodzi-sie-szczescie-464x261.png 464w, https:\/\/invimed.pl\/wp-content\/uploads\/2024\/04\/invimed-tu-rodzi-sie-szczescie-55x31.png 55w, https:\/\/invimed.pl\/wp-content\/uploads\/2024\/04\/invimed-tu-rodzi-sie-szczescie-112x63.png 112w, https:\/\/invimed.pl\/wp-content\/uploads\/2024\/04\/invimed-tu-rodzi-sie-szczescie-264x148.png 264w, https:\/\/invimed.pl\/wp-content\/uploads\/2024\/04\/invimed-tu-rodzi-sie-szczescie-200x113.png 200w, https:\/\/invimed.pl\/wp-content\/uploads\/2024\/04\/invimed-tu-rodzi-sie-szczescie-368x207.png 368w, https:\/\/invimed.pl\/wp-content\/uploads\/2024\/04\/invimed-tu-rodzi-sie-szczescie-24x14.png 24w, https:\/\/invimed.pl\/wp-content\/uploads\/2024\/04\/invimed-tu-rodzi-sie-szczescie-550x309.png 550w, https:\/\/invimed.pl\/wp-content\/uploads\/2024\/04\/invimed-tu-rodzi-sie-szczescie-924x520.png 924w, https:\/\/invimed.pl\/wp-content\/uploads\/2024\/04\/invimed-tu-rodzi-sie-szczescie-348x196.png 348w, https:\/\/invimed.pl\/wp-content\/uploads\/2024\/04\/invimed-tu-rodzi-sie-szczescie-88x50.png 88w, https:\/\/invimed.pl\/wp-content\/uploads\/2024\/04\/invimed-tu-rodzi-sie-szczescie-148x83.png 148w, https:\/\/invimed.pl\/wp-content\/uploads\/2024\/04\/invimed-tu-rodzi-sie-szczescie-176x99.png 176w, https:\/\/invimed.pl\/wp-content\/uploads\/2024\/04\/invimed-tu-rodzi-sie-szczescie-132x74.png 132w, https:\/\/invimed.pl\/wp-content\/uploads\/2024\/04\/invimed-tu-rodzi-sie-szczescie-272x153.png 272w, https:\/\/invimed.pl\/wp-content\/uploads\/2024\/04\/invimed-tu-rodzi-sie-szczescie-128x72.png 128w, https:\/\/invimed.pl\/wp-content\/uploads\/2024\/04\/invimed-tu-rodzi-sie-szczescie-45x25.png 45w, https:\/\/invimed.pl\/wp-content\/uploads\/2024\/04\/invimed-tu-rodzi-sie-szczescie-500x281.png 500w, https:\/\/invimed.pl\/wp-content\/uploads\/2024\/04\/invimed-tu-rodzi-sie-szczescie-585x329.png 585w, https:\/\/invimed.pl\/wp-content\/uploads\/2024\/04\/invimed-tu-rodzi-sie-szczescie-75x42.png 75w, https:\/\/invimed.pl\/wp-content\/uploads\/2024\/04\/invimed-tu-rodzi-sie-szczescie-1166x656.png 1166w, https:\/\/invimed.pl\/wp-content\/uploads\/2024\/04\/invimed-tu-rodzi-sie-szczescie-284x160.png 284w, https:\/\/invimed.pl\/wp-content\/uploads\/2024\/04\/invimed-tu-rodzi-sie-szczescie-1188x668.png 1188w, https:\/\/invimed.pl\/wp-content\/uploads\/2024\/04\/invimed-tu-rodzi-sie-szczescie-998x561.png 998w, https:\/\/invimed.pl\/wp-content\/uploads\/2024\/04\/invimed-tu-rodzi-sie-szczescie.png 1920w\" sizes=\"auto, (max-width: 658px) 100vw, 658px\" \/>                    <\/figure>\n                                                    <button role=\"button\" aria-label=\"Trigger YouTube player\" class=\"position-absolute p-0 videos__item__trigger\">\n                        <svg width=\"91\" height=\"91\" viewbox=\"0 0 91 91\" fill=\"none\" xmlns=\"http:\/\/www.w3.org\/2000\/svg\">\n                            <path fill-rule=\"evenodd\" clip-rule=\"evenodd\" d=\"M45.5 91C70.629 91 91 70.629 91 45.5C91 20.371 70.629 0 45.5 0C20.371 0 0 20.371 0 45.5C0 70.629 20.371 91 45.5 91ZM38.25 63.2535L63 48.9641C65.6667 47.4245 65.6667 43.5755 63 42.0359L38.25 27.7465C35.5833 26.2069 32.25 28.1314 32.25 31.2106V59.7894C32.25 62.8686 35.5833 64.7931 38.25 63.2535Z\" fill=\"white\"\/>\n                        <\/svg>\n                    <\/button>\n                    <iframe class=\"position-absolute top-0 left-0 w-100 h-100\" title=\"YouTube Player\" width=\"420\" height=\"345\" src='https:\/\/www.youtube.com\/watch?v=MGFztwZDyFM&#038;t=1s'><\/iframe>\n                                <\/div>\n                                    <h3 class=\"videos__item__title\">\n                        Invimed - happiness is born here                    <\/h3>\n                            <\/div>\n                <\/div>\n                <a class=\"videos__link\" href=\"https:\/\/invimed.pl\/en\/blog\/\" target=\"_self\">\n            Visit the Invimed blog        <\/a>\n        <\/div>\n<\/section>","protected":false},"excerpt":{"rendered":"<p>The essence of in vitro fertilisation is the fusion of a sperm and an egg under laboratory conditions. Modern assistive techniques can increase the effectiveness of IVF by preparing the embryo appropriately or increasing its chance of implantation.<\/p>","protected":false},"author":1,"featured_media":258338,"parent":0,"menu_order":0,"comment_status":"closed","ping_status":"closed","template":"","meta":{"_acf_changed":false,"footnotes":""},"class_list":["post-90","page","type-page","status-publish","has-post-thumbnail","hentry"],"acf":[],"yoast_head":"<!-- This site is optimized with the Yoast SEO plugin v27.2 - https:\/\/yoast.com\/product\/yoast-seo-wordpress\/ -->\n<title>Techniki zwi\u0119kszaj\u0105ce skuteczno\u015b\u0107 in vitro - Invimed<\/title>\n<meta name=\"robots\" content=\"index, follow, max-snippet:-1, max-image-preview:large, max-video-preview:-1\" \/>\n<meta property=\"og:locale\" content=\"en_GB\" \/>\n<meta property=\"og:type\" content=\"article\" \/>\n<meta property=\"og:title\" content=\"Techniki zwi\u0119kszaj\u0105ce skuteczno\u015b\u0107 in vitro - Invimed\" \/>\n<meta property=\"og:description\" content=\"Istot\u0105 zap\u0142odnienia in vitro jest po\u0142\u0105czenie plemnika i kom\u00f3rki jajowej w warunkach laboratoryjnych. Nowoczesne techniki wspomagaj\u0105ce potrafi\u0105 zwi\u0119kszy\u0107 skuteczno\u015b\u0107 in vitro poprzez odpowiednie przygotowanie embrionu lub zwi\u0119kszenie jego szansy na implantacj\u0119.\" \/>\n<meta property=\"og:url\" content=\"https:\/\/invimed.pl\/en\/in-vitro\/embryo-implantation\/\" \/>\n<meta property=\"og:site_name\" content=\"Invimed\" \/>\n<meta property=\"article:modified_time\" content=\"2024-07-23T13:31:21+00:00\" \/>\n<meta property=\"og:image\" content=\"https:\/\/invimed.pl\/wp-content\/uploads\/2024\/07\/1400x300-15-jpg.jpg\" \/>\n\t<meta property=\"og:image:width\" content=\"1440\" \/>\n\t<meta property=\"og:image:height\" content=\"300\" \/>\n\t<meta property=\"og:image:type\" content=\"image\/jpeg\" \/>\n<meta name=\"twitter:card\" content=\"summary_large_image\" \/>\n<meta name=\"twitter:label1\" content=\"Estimated reading time\" \/>\n\t<meta name=\"twitter:data1\" content=\"1 minute\" \/>\n<!-- \/ Yoast SEO plugin. -->","yoast_head_json":{"title":"Techniques to increase the effectiveness of in vitro - Invimed","robots":{"index":"index","follow":"follow","max-snippet":"max-snippet:-1","max-image-preview":"max-image-preview:large","max-video-preview":"max-video-preview:-1"},"og_locale":"en_GB","og_type":"article","og_title":"Techniki zwi\u0119kszaj\u0105ce skuteczno\u015b\u0107 in vitro - Invimed","og_description":"Istot\u0105 zap\u0142odnienia in vitro jest po\u0142\u0105czenie plemnika i kom\u00f3rki jajowej w warunkach laboratoryjnych. Nowoczesne techniki wspomagaj\u0105ce potrafi\u0105 zwi\u0119kszy\u0107 skuteczno\u015b\u0107 in vitro poprzez odpowiednie przygotowanie embrionu lub zwi\u0119kszenie jego szansy na implantacj\u0119.","og_url":"https:\/\/invimed.pl\/en\/in-vitro\/embryo-implantation\/","og_site_name":"Invimed","article_modified_time":"2024-07-23T13:31:21+00:00","og_image":[{"width":1440,"height":300,"url":"https:\/\/invimed.pl\/wp-content\/uploads\/2024\/07\/1400x300-15-jpg.jpg","type":"image\/jpeg"}],"twitter_card":"summary_large_image","twitter_misc":{"Estimated reading time":"1 minute"},"schema":{"@context":"https:\/\/schema.org","@graph":[{"@type":"WebPage","@id":"https:\/\/invimed.pl\/in-vitro\/zagniezdzenie-zarodka","url":"https:\/\/invimed.pl\/in-vitro\/zagniezdzenie-zarodka","name":"Techniques to increase the effectiveness of in vitro - Invimed","isPartOf":{"@id":"https:\/\/invimed.pl\/#website"},"primaryImageOfPage":{"@id":"https:\/\/invimed.pl\/in-vitro\/zagniezdzenie-zarodka#primaryimage"},"image":{"@id":"https:\/\/invimed.pl\/in-vitro\/zagniezdzenie-zarodka#primaryimage"},"thumbnailUrl":"https:\/\/invimed.pl\/wp-content\/uploads\/2024\/07\/1400x300-15-jpg.jpg","datePublished":"2023-11-29T10:29:53+00:00","dateModified":"2024-07-23T13:31:21+00:00","breadcrumb":{"@id":"https:\/\/invimed.pl\/in-vitro\/zagniezdzenie-zarodka#breadcrumb"},"inLanguage":"en-GB","potentialAction":[{"@type":"ReadAction","target":["https:\/\/invimed.pl\/in-vitro\/zagniezdzenie-zarodka"]}]},{"@type":"ImageObject","inLanguage":"en-GB","@id":"https:\/\/invimed.pl\/in-vitro\/zagniezdzenie-zarodka#primaryimage","url":"https:\/\/invimed.pl\/wp-content\/uploads\/2024\/07\/1400x300-15-jpg.jpg","contentUrl":"https:\/\/invimed.pl\/wp-content\/uploads\/2024\/07\/1400x300-15-jpg.jpg","width":1440,"height":300},{"@type":"BreadcrumbList","@id":"https:\/\/invimed.pl\/in-vitro\/zagniezdzenie-zarodka#breadcrumb","itemListElement":[{"@type":"ListItem","position":1,"name":"Strona g\u0142\u00f3wna","item":"https:\/\/invimed.pl\/"},{"@type":"ListItem","position":2,"name":"Techniki zwi\u0119kszaj\u0105ce skuteczno\u015b\u0107 in vitro"}]},{"@type":"WebSite","@id":"https:\/\/invimed.pl\/#website","url":"https:\/\/invimed.pl\/","name":"Invimed","description":"Our mission is to create a happy family together","potentialAction":[{"@type":"SearchAction","target":{"@type":"EntryPoint","urlTemplate":"https:\/\/invimed.pl\/?s={search_term_string}"},"query-input":{"@type":"PropertyValueSpecification","valueRequired":true,"valueName":"search_term_string"}}],"inLanguage":"en-GB"}]}},"_links":{"self":[{"href":"https:\/\/invimed.pl\/en\/wp-json\/wp\/v2\/pages\/90","targetHints":{"allow":["GET"]}}],"collection":[{"href":"https:\/\/invimed.pl\/en\/wp-json\/wp\/v2\/pages"}],"about":[{"href":"https:\/\/invimed.pl\/en\/wp-json\/wp\/v2\/types\/page"}],"author":[{"embeddable":true,"href":"https:\/\/invimed.pl\/en\/wp-json\/wp\/v2\/users\/1"}],"replies":[{"embeddable":true,"href":"https:\/\/invimed.pl\/en\/wp-json\/wp\/v2\/comments?post=90"}],"version-history":[{"count":18,"href":"https:\/\/invimed.pl\/en\/wp-json\/wp\/v2\/pages\/90\/revisions"}],"predecessor-version":[{"id":258741,"href":"https:\/\/invimed.pl\/en\/wp-json\/wp\/v2\/pages\/90\/revisions\/258741"}],"wp:featuredmedia":[{"embeddable":true,"href":"https:\/\/invimed.pl\/en\/wp-json\/wp\/v2\/media\/258338"}],"wp:attachment":[{"href":"https:\/\/invimed.pl\/en\/wp-json\/wp\/v2\/media?parent=90"}],"curies":[{"name":"wp","href":"https:\/\/api.w.org\/{rel}","templated":true}]}}